{"id":29228,"date":"2019-04-24T08:53:11","date_gmt":"2019-04-24T06:53:11","guid":{"rendered":"http:\/\/t77ufwfpi.preview.infomaniak.website\/?page_id=29228"},"modified":"2019-11-26T13:57:04","modified_gmt":"2019-11-26T12:57:04","slug":"nos-produits","status":"publish","type":"page","link":"https:\/\/non-explo-world.ch\/ru\/nos-produits\/","title":{"rendered":"\u041d\u0430\u0448\u0430 \u043f\u0440\u043e\u0434\u0443\u043a\u0446\u0438\u044f"},"content":{"rendered":"<div data-elementor-type=\"wp-post\" data-elementor-id=\"29228\" class=\"elementor elementor-29228\" data-elementor-post-type=\"page\">\n\t\t\t\t\t\t<section class=\"elementor-section elementor-top-section elementor-element elementor-element-92459d3 elementor-section-content-middle elementor-section-boxed elementor-section-height-default elementor-section-height-default\" data-id=\"92459d3\" data-element_type=\"section\" data-e-type=\"section\" data-settings=\"{&quot;background_background&quot;:&quot;classic&quot;}\">\n\t\t\t\t\t\t<div class=\"elementor-container elementor-column-gap-no\">\n\t\t\t\t\t<div class=\"elementor-column elementor-col-100 elementor-top-column elementor-element elementor-element-52d4609\" data-id=\"52d4609\" data-element_type=\"column\" data-e-type=\"column\">\n\t\t\t<div class=\"elementor-widget-wrap elementor-element-populated\">\n\t\t\t\t\t\t<div class=\"elementor-element elementor-element-7dc5555 elementor-widget elementor-widget-heading\" data-id=\"7dc5555\" data-element_type=\"widget\" data-e-type=\"widget\" data-widget_type=\"heading.default\">\n\t\t\t\t<div class=\"elementor-widget-container\">\n\t\t\t\t\t<h3 class=\"elementor-heading-title elementor-size-large\">\u041d\u0430\u0448\u0430 \u043f\u0440\u043e\u0434\u0443\u043a\u0446\u0438\u044f<\/h3>\t\t\t\t<\/div>\n\t\t\t\t<\/div>\n\t\t\t\t<div class=\"elementor-element elementor-element-a2a4167 elementor-widget-divider--view-line elementor-widget elementor-widget-divider\" data-id=\"a2a4167\" data-element_type=\"widget\" data-e-type=\"widget\" data-widget_type=\"divider.default\">\n\t\t\t\t<div class=\"elementor-widget-container\">\n\t\t\t\t\t\t\t<div class=\"elementor-divider\">\n\t\t\t<span class=\"elementor-divider-separator\">\n\t\t\t\t\t\t<\/span>\n\t\t<\/div>\n\t\t\t\t\t\t<\/div>\n\t\t\t\t<\/div>\n\t\t\t\t<section class=\"elementor-section elementor-inner-section elementor-element elementor-element-149a69b elementor-section-boxed elementor-section-height-default elementor-section-height-default\" data-id=\"149a69b\" data-element_type=\"section\" data-e-type=\"section\">\n\t\t\t\t\t\t<div class=\"elementor-container elementor-column-gap-default\">\n\t\t\t\t\t<div class=\"elementor-column elementor-col-50 elementor-inner-column elementor-element elementor-element-32e6aa3\" data-id=\"32e6aa3\" data-element_type=\"column\" data-e-type=\"column\">\n\t\t\t<div class=\"elementor-widget-wrap elementor-element-populated\">\n\t\t\t\t\t\t<div class=\"elementor-element elementor-element-636168c elementor-widget elementor-widget-image\" data-id=\"636168c\" data-element_type=\"widget\" data-e-type=\"widget\" data-widget_type=\"image.default\">\n\t\t\t\t<div class=\"elementor-widget-container\">\n\t\t\t\t\t\t\t\t\t\t\t\t\t\t\t<img fetchpriority=\"high\" decoding=\"async\" width=\"1420\" height=\"1144\" src=\"https:\/\/non-explo-world.ch\/wp-content\/uploads\/2019\/04\/Autostem-3.png\" class=\"attachment-full size-full wp-image-29364\" alt=\"\" srcset=\"https:\/\/non-explo-world.ch\/wp-content\/uploads\/2019\/04\/Autostem-3.png 1420w, https:\/\/non-explo-world.ch\/wp-content\/uploads\/2019\/04\/Autostem-3-300x242.png 300w, https:\/\/non-explo-world.ch\/wp-content\/uploads\/2019\/04\/Autostem-3-768x619.png 768w, https:\/\/non-explo-world.ch\/wp-content\/uploads\/2019\/04\/Autostem-3-1024x825.png 1024w\" sizes=\"(max-width: 1420px) 100vw, 1420px\" \/>\t\t\t\t\t\t\t\t\t\t\t\t\t\t\t<\/div>\n\t\t\t\t<\/div>\n\t\t\t\t<div class=\"elementor-element elementor-element-2a97d6c elementor-widget elementor-widget-heading\" data-id=\"2a97d6c\" data-element_type=\"widget\" data-e-type=\"widget\" data-widget_type=\"heading.default\">\n\t\t\t\t<div class=\"elementor-widget-container\">\n\t\t\t\t\t<h3 class=\"elementor-heading-title elementor-size-large\">AUTOSTEM 3<\/h3>\t\t\t\t<\/div>\n\t\t\t\t<\/div>\n\t\t\t\t<div class=\"elementor-element elementor-element-e66b412 elementor-widget elementor-widget-heading\" data-id=\"e66b412\" data-element_type=\"widget\" data-e-type=\"widget\" data-widget_type=\"heading.default\">\n\t\t\t\t<div class=\"elementor-widget-container\">\n\t\t\t\t\t<h3 class=\"elementor-heading-title elementor-size-large\">\u0418\u0421\u041f\u041e\u041b\u042c\u0417\u0423\u0419 \u041c\u041e\u0429\u042c \u0412 \u0421\u0412\u041e\u0415\u0419 \u0420\u0410\u0411\u041e\u0422\u0415<\/h3>\t\t\t\t<\/div>\n\t\t\t\t<\/div>\n\t\t\t\t<div class=\"elementor-element elementor-element-2cfb9b3 elementor-widget elementor-widget-text-editor\" data-id=\"2cfb9b3\" data-element_type=\"widget\" data-e-type=\"widget\" data-widget_type=\"text-editor.default\">\n\t\t\t\t<div class=\"elementor-widget-container\">\n\t\t\t\t\t\t\t\t\t<p>\u0417\u0430\u043f\u0430\u0442\u0435\u043d\u0442\u043e\u0432\u0430\u043d\u043d\u0430\u044f \u0441\u0438\u0441\u0442\u0435\u043c\u0430 AUTOSTEM 3, \u0432\u044b\u043f\u0443\u0449\u0435\u043d\u043d\u0430\u044f \u0432 2018 \u0433\u043e\u0434\u0443, \u043e\u0441\u043d\u0430\u0449\u0435\u043d\u0430 <span style=\"color: #94c11f;\"><strong>\u0434\u0432\u043e\u0439\u043d\u043e\u0439 \u0441\u0438\u0441\u0442\u0435\u043c\u043e\u0439 \u0441\u0430\u043c\u043e\u0442\u043e\u043a\u043e\u0432, \u043a\u043e\u0442\u043e\u0440\u0430\u044f \u043e\u0431\u0435\u0441\u043f\u0435\u0447\u0438\u0432\u0430\u0435\u0442 \u0431\u043e\u043b\u044c\u0448\u0438\u0439 \u043f\u043e\u0442\u0435\u043d\u0446\u0438\u0430\u043b \u0438 \u0431\u0435\u0437\u043e\u043f\u0430\u0441\u043d\u043e\u0441\u0442\u044c,<\/strong><\/span> \u0447\u0435\u043c \u043f\u0440\u0435\u0434\u044b\u0434\u0443\u0449\u0438\u0435 \u043c\u043e\u0434\u0435\u043b\u0438. \u041a\u0430\u0440\u0442\u0440\u0438\u0434\u0436\u0438 \u0438\u043c\u0435\u044e\u0442 \u0441\u043f\u0438\u0440\u0430\u043b\u044c\u043d\u0443\u044e \u0444\u043e\u0440\u043c\u0443 \u0434\u043b\u044f \u0431\u043e\u043b\u044c\u0448\u0435\u0433\u043e \u0441\u0446\u0435\u043f\u043b\u0435\u043d\u0438\u044f \u0441\u043e \u0441\u0442\u0435\u043d\u043a\u0430\u043c\u0438 \u043e\u0442\u0432\u0435\u0440\u0441\u0442\u0438\u044f \u0438 \u043b\u0443\u0447\u0448\u0435\u0439 \u0440\u0430\u0437\u0440\u0443\u0448\u0430\u044e\u0449\u0435\u0439 \u0441\u043f\u043e\u0441\u043e\u0431\u043d\u043e\u0441\u0442\u0438. \u041a\u0430\u0440\u0442\u0440\u0438\u0434\u0436\u0438 \u0434\u0438\u0430\u043c\u0435\u0442\u0440\u043e\u043c 35 \u043c\u043c \u043e\u0441\u043d\u0430\u0449\u0435\u043d\u044b \u0432\u0441\u0442\u0440\u043e\u0435\u043d\u043d\u044b\u043c \u043c\u0435\u0445\u0430\u043d\u0438\u0437\u043c\u043e\u043c \u0441\u0430\u043c\u043e\u0437\u0430\u0449\u0438\u0442\u044b (\u0437\u0430\u0449\u0438\u0442\u043d\u044b\u043c \u0432\u044b\u043a\u043b\u044e\u0447\u0430\u0442\u0435\u043b\u0435\u043c) \u043e\u0442 \u0441\u043b\u0443\u0447\u0430\u0439\u043d\u043e\u0433\u043e \u0441\u0440\u0430\u0431\u0430\u0442\u044b\u0432\u0430\u043d\u0438\u044f.<\/p>\t\t\t\t\t\t\t\t<\/div>\n\t\t\t\t<\/div>\n\t\t\t\t\t<\/div>\n\t\t<\/div>\n\t\t\t\t<div class=\"elementor-column elementor-col-50 elementor-inner-column elementor-element elementor-element-c8e00f5\" data-id=\"c8e00f5\" data-element_type=\"column\" data-e-type=\"column\">\n\t\t\t<div class=\"elementor-widget-wrap elementor-element-populated\">\n\t\t\t\t\t\t<div class=\"elementor-element elementor-element-ca470c9 elementor-widget elementor-widget-text-editor\" data-id=\"ca470c9\" data-element_type=\"widget\" data-e-type=\"widget\" data-widget_type=\"text-editor.default\">\n\t\t\t\t<div class=\"elementor-widget-container\">\n\t\t\t\t\t\t\t\t\t<p><strong>\u041a\u0410\u041a \u042d\u0422\u041e \u0420\u0410\u0411\u041e\u0422\u0410\u0415\u0422:<\/strong><\/p><p>\u0421\u0438\u0441\u0442\u0435\u043c\u0430 \u0441\u043d\u043e\u0441\u0430 AUTOSTEM \u043e\u0441\u043d\u043e\u0432\u0430\u043d\u0430 \u043d\u0430 \u0438\u0441\u043f\u043e\u043b\u044c\u0437\u043e\u0432\u0430\u043d\u0438\u0438 \u043a\u0430\u0440\u0442\u0440\u0438\u0434\u0436\u0430, \u043a\u043e\u0442\u043e\u0440\u044b\u0439 \u0432\u044b\u0437\u044b\u0432\u0430\u0435\u0442 \u043a\u043e\u043d\u0442\u0440\u043e\u043b\u0438\u0440\u0443\u0435\u043c\u043e\u0435 \u0434\u0440\u043e\u0431\u043b\u0435\u043d\u0438\u0435 \u043f\u043e\u0440\u043e\u0434\u044b \u043f\u0440\u0438 \u0432\u044b\u0440\u0430\u0431\u043e\u0442\u043a\u0435 \u0433\u0430\u0437\u0430. \u041a\u0430\u0440\u0442\u0440\u0438\u0434\u0436, \u0441\u043e\u0434\u0435\u0440\u0436\u0430\u0449\u0438\u0439\u0441\u044f \u0432 \u0441\u043a\u0432\u0430\u0436\u0438\u043d\u0435, \u043f\u0440\u0438 \u0441\u0440\u0430\u0431\u0430\u0442\u044b\u0432\u0430\u043d\u0438\u0438, \u0433\u0435\u043d\u0435\u0440\u0438\u0440\u0443\u0435\u0442 \u0431\u043e\u043b\u044c\u0448\u043e\u0435 \u043a\u043e\u043b\u0438\u0447\u0435\u0441\u0442\u0432\u043e \u043d\u0435\u043e\u043f\u0430\u0441\u043d\u043e\u0433\u043e \u0433\u0430\u0437\u0430 \u0432\u044b\u0441\u043e\u043a\u043e\u0433\u043e \u0434\u0430\u0432\u043b\u0435\u043d\u0438\u044f, \u043a\u043e\u0442\u043e\u0440\u044b\u0439 \u043e\u043a\u0430\u0437\u044b\u0432\u0430\u0435\u0442 \u0434\u0430\u0432\u043b\u0435\u043d\u0438\u0435 \u043d\u0430 \u0434\u043d\u043e \u0438 \u043f\u043e \u0431\u043e\u043a\u0430\u043c, \u0432\u044b\u0437\u044b\u0432\u0430\u044f \u043a\u043e\u043d\u0442\u0440\u043e\u043b\u0438\u0440\u0443\u0435\u043c\u044b\u0439 \u0440\u0430\u0437\u0440\u044b\u0432 \u043f\u043e\u0440\u043e\u0434\u044b \u0438\u043b\u0438 \u0436\u0435\u043b\u0435\u0437\u043e\u0431\u0435\u0442\u043e\u043d\u043d\u043e\u0439 \u043a\u043e\u043d\u0441\u0442\u0440\u0443\u043a\u0446\u0438\u0438.\u00a0<\/p><p>\u041e\u0441\u043e\u0431\u0435\u043d\u043d\u043e\u0441\u0442\u044c\u044e, \u043a\u043e\u0442\u043e\u0440\u0430\u044f \u043e\u0442\u043b\u0438\u0447\u0430\u0435\u0442 \u043a\u0430\u0440\u0442\u0440\u0438\u0434\u0436 AUTOSTEM \u043e\u0442 \u0434\u0440\u0443\u0433\u0438\u0445 \u0430\u043d\u0430\u043b\u043e\u0433\u0438\u0447\u043d\u044b\u0445 \u0441\u0438\u0441\u0442\u0435\u043c \u0441\u043d\u043e\u0441\u0430, \u044f\u0432\u043b\u044f\u0435\u0442\u0441\u044f \u0435\u0433\u043e \u00ab\u0441\u0430\u043c\u043e\u0437\u0430\u0442\u0443\u0445\u0430\u043d\u0438\u0435\u00bb, \u0442\u043e \u0435\u0441\u0442\u044c \u043d\u0435\u043e\u043f\u0430\u0441\u043d\u044b\u0435 \u0433\u0430\u0437\u044b, \u043a\u043e\u0442\u043e\u0440\u044b\u0435 \u0432\u044b\u0434\u0435\u043b\u044f\u044e\u0442\u0441\u044f \u0432 \u0440\u0435\u0437\u0443\u043b\u044c\u0442\u0430\u0442\u0435 \u0437\u0430\u043f\u0443\u0441\u043a\u0430 \u043a\u0430\u0440\u0442\u0440\u0438\u0434\u0436\u0430, \u0430 \u0442\u0430\u043a\u0436\u0435 \u0444\u0440\u0430\u0433\u043c\u0435\u043d\u0442\u0430\u0446\u0438\u044f, \u043e\u043f\u0438\u0441\u0430\u043d\u043d\u0430\u044f \u0440\u0430\u043d\u0435\u0435, \u0430\u043a\u0442\u0438\u0432\u0438\u0440\u0443\u044e\u0442 \u0430\u0432\u0442\u043e\u043c\u0430\u0442\u0438\u0447\u0435\u0441\u043a\u0438\u0439 \u043d\u0430\u0431\u0438\u0432\u043e\u0447\u043d\u044b\u0439 \u043c\u0435\u0445\u0430\u043d\u0438\u0437\u043c. \u041a\u043e\u0433\u0434\u0430 \u043a\u0430\u0440\u0442\u0440\u0438\u0434\u0436 AUTOSTEM \u0437\u0430\u043f\u0443\u0441\u043a\u0430\u0435\u0442\u0441\u044f \u0432 \u043d\u0435\u043a\u043e\u043d\u0442\u0440\u043e\u043b\u0438\u0440\u0443\u0435\u043c\u043e\u043c \u043a\u043e\u043d\u0442\u0435\u043a\u0441\u0442\u0435, \u043e\u043d \u0431\u0435\u0437\u0432\u0440\u0435\u0434\u0435\u043d, \u043f\u043e\u0441\u043a\u043e\u043b\u044c\u043a\u0443 \u043f\u0440\u0438\u043b\u0430\u0433\u0430\u0435\u043c\u043e\u0435 \u0434\u0430\u0432\u043b\u0435\u043d\u0438\u0435 \u043d\u0435\u0434\u043e\u0441\u0442\u0430\u0442\u043e\u0447\u043d\u043e \u0434\u043b\u044f \u0430\u043a\u0442\u0438\u0432\u0430\u0446\u0438\u0438 \u0440\u0435\u0430\u043a\u0446\u0438\u0438 \u0433\u043e\u0440\u0435\u043d\u0438\u044f \u0441\u043e\u0434\u0435\u0440\u0436\u0430\u0449\u0435\u0433\u043e\u0441\u044f \u0432 \u043d\u0435\u043c \u0441\u043e\u0435\u0434\u0438\u043d\u0435\u043d\u0438\u044f.\u00a0<\/p><p>\u0414\u0440\u0443\u0433\u0438\u043c \u0444\u0430\u043a\u0442\u043e\u0440\u043e\u043c, \u043a\u043e\u0442\u043e\u0440\u044b\u0439 \u0434\u0435\u043b\u0430\u0435\u0442 AUTOSTEM \u0431\u0435\u0437\u043e\u043f\u0430\u0441\u043d\u044b\u043c, \u044f\u0432\u043b\u044f\u0435\u0442\u0441\u044f \u043d\u0438\u0437\u043a\u0430\u044f \u0441\u043a\u043e\u0440\u043e\u0441\u0442\u044c \u043f\u043e\u0440\u043e\u0448\u043a\u043e\u0432\u043e\u0439 \u0440\u0435\u0430\u043a\u0446\u0438\u0438, \u0431\u043b\u0430\u0433\u043e\u0434\u0430\u0440\u044f \u043a\u043e\u0442\u043e\u0440\u043e\u0439 \u043e\u043d \u0438\u0437\u0431\u0435\u0433\u0430\u0435\u0442 \u0447\u0440\u0435\u0437\u043c\u0435\u0440\u043d\u043e\u0433\u043e \u0432\u044b\u0434\u0435\u043b\u0435\u043d\u0438\u044f \u043c\u0430\u0442\u0435\u0440\u0438\u0430\u043b\u0430, \u0442\u0435\u043c \u0441\u0430\u043c\u044b\u043c \u0443\u043c\u0435\u043d\u044c\u0448\u0430\u044f \u043f\u043e\u0432\u0440\u0435\u0436\u0434\u0435\u043d\u0438\u044f \u043e\u043a\u0440\u0443\u0436\u0430\u044e\u0449\u0438\u0445 \u043a\u043e\u043d\u0441\u0442\u0440\u0443\u043a\u0446\u0438\u0439.<\/p><p><strong>\u0421\u041f\u041e\u0421\u041e\u0411 \u0418\u0421\u041f\u041e\u041b\u042c\u0417\u041e\u0412\u0410\u041d\u0418\u042f:<\/strong><\/p><p>\u00a0\u0418\u0441\u043f\u043e\u043b\u044c\u0437\u043e\u0432\u0430\u043d\u0438\u0435 \u0441\u0438\u0441\u0442\u0435\u043c\u044b AUTOSTEM \u044f\u0432\u043b\u044f\u0435\u0442\u0441\u044f \u043f\u0440\u043e\u0441\u0442\u044b\u043c. \u0442\u0430\u043a \u043a\u0430\u043a \u043d\u0435 \u0442\u0440\u0435\u0431\u0443\u0435\u0442 \u0443\u043f\u043b\u043e\u0442\u043d\u0435\u043d\u0438\u044f, \u043a\u0430\u0440\u0442\u0440\u0438\u0434\u0436 \u0432\u0432\u043e\u0434\u0438\u0442\u0441\u044f \u043e\u043f\u0435\u0440\u0430\u0442\u043e\u0440\u043e\u043c \u043d\u0435\u043f\u043e\u0441\u0440\u0435\u0434\u0441\u0442\u0432\u0435\u043d\u043d\u043e \u0432 \u0441\u043a\u0432\u0430\u0436\u0438\u043d\u0443, \u0430 \u0437\u0430\u0442\u0435\u043c \u043f\u043e\u0434\u043a\u043b\u044e\u0447\u0430\u044e\u0442\u0441\u044f \u043f\u0440\u043e\u0432\u043e\u0434\u0430 \u043a \u043b\u0438\u043d\u0438\u0438 \u043e\u0431\u0436\u0438\u0433\u0430.\u00a0<\/p><p>\u041f\u043e\u0441\u043b\u0435 \u043f\u0440\u043e\u0432\u0435\u0440\u043a\u0438 \u0446\u0435\u043b\u043e\u0441\u0442\u043d\u043e\u0441\u0442\u0438 \u043b\u0438\u043d\u0438\u0438 \u043f\u0438\u0442\u0430\u043d\u0438\u044f \u043e\u043c\u043c\u0435\u0442\u0440\u043e\u043c (\u0438\u0441\u043f\u043e\u043b\u044c\u0437\u0443\u0439\u0442\u0435 \u0442\u043e\u043b\u044c\u043a\u043e \u0441\u0435\u0440\u0442\u0438\u0444\u0438\u0446\u0438\u0440\u043e\u0432\u0430\u043d\u043d\u044b\u0439 \u043e\u043c\u043c\u0435\u0442\u0440 \u0432\u0437\u0440\u044b\u0432\u0447\u0430\u0442\u044b\u0445 \u0432\u0435\u0449\u0435\u0441\u0442\u0432), \u043f\u0430\u0442\u0440\u043e\u043d\u044b \u0430\u043a\u0442\u0438\u0432\u0438\u0440\u0443\u044e\u0442\u0441\u044f \u0443\u0442\u0432\u0435\u0440\u0436\u0434\u0435\u043d\u043d\u044b\u043c \u0432\u0437\u0440\u044b\u0432\u0430\u0442\u0435\u043b\u0435\u043c. \u0414\u0430\u0436\u0435 \u0435\u0441\u043b\u0438 \u043f\u0440\u043e\u0435\u043a\u0446\u0438\u0438 \u0444\u0440\u0430\u0433\u043c\u0435\u043d\u0442\u043e\u0432 \u043c\u0438\u043d\u0438\u043c\u0430\u043b\u044c\u043d\u044b, \u0440\u0435\u043a\u043e\u043c\u0435\u043d\u0434\u0443\u0435\u0442\u0441\u044f \u0441\u043e\u0445\u0440\u0430\u043d\u044f\u0442\u044c \u0434\u0438\u0441\u0442\u0430\u043d\u0446\u0438\u044e \u0434\u043b\u044f \u0431\u043e\u043b\u044c\u0448\u0435\u0439 \u0431\u0435\u0437\u043e\u043f\u0430\u0441\u043d\u043e\u0441\u0442\u0438.<\/p><p><span style=\"text-decoration: underline;\">\u041a\u0430\u0440\u0442\u0440\u0438\u0434\u0436\u0438 AUTOSTEM 3 \u0432\u043e\u0434\u043e\u043d\u0435\u043f\u0440\u043e\u043d\u0438\u0446\u0430\u0435\u043c\u044b\u0435 \u0438 \u043c\u043e\u0433\u0443\u0442 \u0438\u0441\u043f\u043e\u043b\u044c\u0437\u043e\u0432\u0430\u0442\u044c\u0441\u044f \u043f\u043e\u0434 \u0432\u043e\u0434\u043e\u0439.<\/span><\/p>\t\t\t\t\t\t\t\t<\/div>\n\t\t\t\t<\/div>\n\t\t\t\t\t<\/div>\n\t\t<\/div>\n\t\t\t\t\t<\/div>\n\t\t<\/section>\n\t\t\t\t<section class=\"elementor-section elementor-inner-section elementor-element elementor-element-2e5cb99 elementor-section-boxed elementor-section-height-default elementor-section-height-default\" data-id=\"2e5cb99\" data-element_type=\"section\" data-e-type=\"section\">\n\t\t\t\t\t\t<div class=\"elementor-container elementor-column-gap-default\">\n\t\t\t\t\t<div class=\"elementor-column elementor-col-50 elementor-inner-column elementor-element elementor-element-9b112d6\" data-id=\"9b112d6\" data-element_type=\"column\" data-e-type=\"column\">\n\t\t\t<div class=\"elementor-widget-wrap elementor-element-populated\">\n\t\t\t\t\t\t<div class=\"elementor-element elementor-element-aedc425 elementor-widget elementor-widget-image\" data-id=\"aedc425\" data-element_type=\"widget\" data-e-type=\"widget\" data-widget_type=\"image.default\">\n\t\t\t\t<div class=\"elementor-widget-container\">\n\t\t\t\t\t\t\t\t\t\t\t\t\t\t\t<img decoding=\"async\" width=\"800\" height=\"573\" src=\"https:\/\/non-explo-world.ch\/wp-content\/uploads\/2019\/04\/Autostem-3.1.jpg\" class=\"attachment-full size-full wp-image-29445\" alt=\"\" srcset=\"https:\/\/non-explo-world.ch\/wp-content\/uploads\/2019\/04\/Autostem-3.1.jpg 800w, https:\/\/non-explo-world.ch\/wp-content\/uploads\/2019\/04\/Autostem-3.1-300x215.jpg 300w, https:\/\/non-explo-world.ch\/wp-content\/uploads\/2019\/04\/Autostem-3.1-768x550.jpg 768w\" sizes=\"(max-width: 800px) 100vw, 800px\" \/>\t\t\t\t\t\t\t\t\t\t\t\t\t\t\t<\/div>\n\t\t\t\t<\/div>\n\t\t\t\t\t<\/div>\n\t\t<\/div>\n\t\t\t\t<div class=\"elementor-column elementor-col-50 elementor-inner-column elementor-element elementor-element-0e7a0a3\" data-id=\"0e7a0a3\" data-element_type=\"column\" data-e-type=\"column\">\n\t\t\t<div class=\"elementor-widget-wrap elementor-element-populated\">\n\t\t\t\t\t\t<div class=\"elementor-element elementor-element-d375325 elementor-widget elementor-widget-text-editor\" data-id=\"d375325\" data-element_type=\"widget\" data-e-type=\"widget\" data-widget_type=\"text-editor.default\">\n\t\t\t\t<div class=\"elementor-widget-container\">\n\t\t\t\t\t\t\t\t\t<p><strong>\u0418\u041c\u0415\u042e\u0429\u0418\u0419\u0421\u042f \u0410\u0421\u0421\u041e\u0420\u0422\u0418\u041c\u0415\u041d\u0422 (\u0414\u0418\u0410\u041c\u0415\u0422\u0420 \u0418 \u0412\u0415\u0421):<\/strong><\/p><p><span style=\"text-decoration: underline;\">Autostem TM GEN III Splinter:<\/span>\u00a0<span style=\"font-size: 1rem;\">6, 9 \u0433\u0440 \u0432 \u0434\u0438\u0430\u043c\u0435\u0442\u0440\u0435 9 \u043c\u043c <\/span><span style=\"font-size: 1rem;\">(\u043f\u043e\u0434\u0445\u043e\u0434\u0438\u0442 \u0434\u043b\u044f \u043c\u0430\u043b\u044b\u0445 \u0440\u0430\u0437\u0440\u0443\u0448\u0435\u043d\u0438\u0439 \u0441\u043e \u0441\u0432\u0435\u0440\u043b\u0435\u043d\u0438\u0435\u043c \u043e\u0442\u0432\u0435\u0440\u0441\u0442\u0438\u044f 12 \u043c\u043c)<\/span><\/p><p><span style=\"text-decoration: underline;\">Autostem TM GEN III Fragmentor:<\/span> 20, 30, 40 \u0433 \u0434\u0438\u0430\u043c\u0435\u0442\u0440\u043e\u043c 17 \u043c\u043c (\u043f\u043e\u0434\u0445\u043e\u0434\u0438\u0442 \u0434\u043b\u044f \u043d\u0435\u0431\u043e\u043b\u044c\u0448\u0438\u0445 \u0440\u0430\u0437\u0440\u0443\u0448\u0435\u043d\u0438\u0439 \u0441\u043e \u0441\u0432\u0435\u0440\u043b\u0435\u043d\u0438\u0435\u043c \u043e\u0442\u0432\u0435\u0440\u0441\u0442\u0438\u044f 20-\u043c\u043c)<\/p><p><span style=\"text-decoration: underline;\">Autostem TM GEN III 35 \u043c\u043c:<\/span> 180, 300 \u0433\u0440 \u0432 \u0434\u0438\u0430\u043c\u0435\u0442\u0440\u0435 35 \u043c\u043c (\u043f\u043e\u0434\u0445\u043e\u0434\u0438\u0442 \u0434\u043b\u044f \u0431\u0443\u0440\u0435\u043d\u0438\u044f \u0441\u043e \u0441\u0440\u0435\u0434\u043d\u0438\u043c \u0440\u0430\u0437\u0440\u0443\u0448\u0435\u043d\u0438\u0435\u043c \u0441\u043e \u0441\u0432\u0435\u0440\u043b\u0435\u043d\u0438\u0435\u043c \u043e\u0442\u0432\u0435\u0440\u0441\u0442\u0438\u044f \u0434\u043e 38 \u043c\u043c)<\/p><p><span style=\"text-decoration: underline;\">Autostem TM GEN III 43 \u043c\u043c:<\/span> 550 \u0433\u0440 \u0432 \u0434\u0438\u0430\u043c\u0435\u0442\u0440\u0435 43 \u043c\u043c (\u043f\u043e\u0434\u0445\u043e\u0434\u0438\u0442 \u0434\u043b\u044f \u0441\u0440\u0435\u0434\u043d\u0435\u0433\u043e \u0440\u0430\u0437\u0440\u0443\u0448\u0435\u043d\u0438\u044f \u0441\u043e \u0441\u0432\u0435\u0440\u043b\u0435\u043d\u0438\u0435\u043c \u043e\u0442\u0432\u0435\u0440\u0441\u0442\u0438\u044f \u0434\u043e 45 \u043c\u043c)<\/p><p><span style=\"text-decoration: underline;\">Autostem TM GEN III 87 \u043c\u043c:<\/span> 1700 \u0433\u0440 \u0432 \u0434\u0438\u0430\u043c\u0435\u0442\u0440\u0435 87 \u043c\u043c (\u043f\u043e\u0434\u0445\u043e\u0434\u0438\u0442 \u0434\u043b\u044f \u0431\u043e\u043b\u044c\u0448\u0438\u0445 \u0440\u0430\u0437\u0440\u0443\u0448\u0435\u043d\u0438\u0439 \u0438 \u0438\u0441\u043f\u043e\u043b\u044c\u0437\u043e\u0432\u0430\u043d\u0438\u044f \u0432 \u043a\u0430\u0440\u044c\u0435\u0440\u0430\u0445 \u0441\u043e \u0441\u0432\u0435\u0440\u043b\u0435\u043d\u0438\u0435\u043c \u043e\u0442\u0432\u0435\u0440\u0441\u0442\u0438\u044f \u0434\u043e 90 \u043c\u043c)<\/p>\t\t\t\t\t\t\t\t<\/div>\n\t\t\t\t<\/div>\n\t\t\t\t\t<\/div>\n\t\t<\/div>\n\t\t\t\t\t<\/div>\n\t\t<\/section>\n\t\t\t\t<div class=\"elementor-element elementor-element-65c355b elementor-align-center elementor-widget elementor-widget-button\" data-id=\"65c355b\" data-element_type=\"widget\" data-e-type=\"widget\" data-widget_type=\"button.default\">\n\t\t\t\t<div class=\"elementor-widget-container\">\n\t\t\t\t\t\t\t\t\t<div class=\"elementor-button-wrapper\">\n\t\t\t\t\t<a class=\"elementor-button elementor-button-link elementor-size-sm\" href=\"#\">\n\t\t\t\t\t\t<span class=\"elementor-button-content-wrapper\">\n\t\t\t\t\t\t\t\t\t<span class=\"elementor-button-text\">\u0413\u0430\u043b\u043b\u0435\u0440\u0435\u044f<\/span>\n\t\t\t\t\t<\/span>\n\t\t\t\t\t<\/a>\n\t\t\t\t<\/div>\n\t\t\t\t\t\t\t\t<\/div>\n\t\t\t\t<\/div>\n\t\t\t\t<div class=\"elementor-element elementor-element-2d1fb0d elementor-widget elementor-widget-image\" data-id=\"2d1fb0d\" data-element_type=\"widget\" data-e-type=\"widget\" data-widget_type=\"image.default\">\n\t\t\t\t<div class=\"elementor-widget-container\">\n\t\t\t\t\t\t\t\t\t\t\t\t\t\t\t<img decoding=\"async\" width=\"1749\" height=\"1241\" src=\"https:\/\/non-explo-world.ch\/wp-content\/uploads\/2019\/09\/NEW-Globe.jpg\" class=\"attachment-full size-full wp-image-29558\" alt=\"\" srcset=\"https:\/\/non-explo-world.ch\/wp-content\/uploads\/2019\/09\/NEW-Globe.jpg 1749w, https:\/\/non-explo-world.ch\/wp-content\/uploads\/2019\/09\/NEW-Globe-300x213.jpg 300w, https:\/\/non-explo-world.ch\/wp-content\/uploads\/2019\/09\/NEW-Globe-768x545.jpg 768w, https:\/\/non-explo-world.ch\/wp-content\/uploads\/2019\/09\/NEW-Globe-1024x727.jpg 1024w\" sizes=\"(max-width: 1749px) 100vw, 1749px\" \/>\t\t\t\t\t\t\t\t\t\t\t\t\t\t\t<\/div>\n\t\t\t\t<\/div>\n\t\t\t\t\t<\/div>\n\t\t<\/div>\n\t\t\t\t\t<\/div>\n\t\t<\/section>\n\t\t\t\t<\/div>","protected":false},"excerpt":{"rendered":"<p>notre produit AUTOSTEM 3 Mettez de la puissance \u00e0 votre travail Le syst\u00e8me brevet\u00e9 AUTOSTEM 3 est \u00e9quip\u00e9 d\u2019un syst\u00e8me autobourant double qui permet d\u2019avoir un plus grand potentiel et de s\u00e9curit\u00e9 que les mod\u00e8les pr\u00e9c\u00e9dents. Les cartouches sont construites avec une forme h\u00e9lico\u00efdale pour une plus grande adh\u00e9rence aux parois du trou et pour [&hellip;]<\/p>\n","protected":false},"author":1,"featured_media":0,"parent":0,"menu_order":0,"comment_status":"closed","ping_status":"closed","template":"elementor_header_footer","meta":{"footnotes":""},"class_list":["post-29228","page","type-page","status-publish","hentry"],"_links":{"self":[{"href":"https:\/\/non-explo-world.ch\/ru\/wp-json\/wp\/v2\/pages\/29228","targetHints":{"allow":["GET"]}}],"collection":[{"href":"https:\/\/non-explo-world.ch\/ru\/wp-json\/wp\/v2\/pages"}],"about":[{"href":"https:\/\/non-explo-world.ch\/ru\/wp-json\/wp\/v2\/types\/page"}],"author":[{"embeddable":true,"href":"https:\/\/non-explo-world.ch\/ru\/wp-json\/wp\/v2\/users\/1"}],"replies":[{"embeddable":true,"href":"https:\/\/non-explo-world.ch\/ru\/wp-json\/wp\/v2\/comments?post=29228"}],"version-history":[{"count":5,"href":"https:\/\/non-explo-world.ch\/ru\/wp-json\/wp\/v2\/pages\/29228\/revisions"}],"predecessor-version":[{"id":29610,"href":"https:\/\/non-explo-world.ch\/ru\/wp-json\/wp\/v2\/pages\/29228\/revisions\/29610"}],"wp:attachment":[{"href":"https:\/\/non-explo-world.ch\/ru\/wp-json\/wp\/v2\/media?parent=29228"}],"curies":[{"name":"wp","href":"https:\/\/api.w.org\/{rel}","templated":true}]}}