{"id":29224,"date":"2019-04-24T08:51:57","date_gmt":"2019-04-24T06:51:57","guid":{"rendered":"http:\/\/t77ufwfpi.preview.infomaniak.website\/?page_id=29224"},"modified":"2019-12-03T15:03:19","modified_gmt":"2019-12-03T14:03:19","slug":"a-propos","status":"publish","type":"page","link":"https:\/\/non-explo-world.ch\/ru\/a-propos\/","title":{"rendered":"\u041e \u043d\u0430\u0441"},"content":{"rendered":"<div data-elementor-type=\"wp-post\" data-elementor-id=\"29224\" class=\"elementor elementor-29224\" data-elementor-post-type=\"page\">\n\t\t\t\t\t\t<section class=\"elementor-section elementor-top-section elementor-element elementor-element-4123ca05 elementor-section-boxed elementor-section-height-default elementor-section-height-default\" data-id=\"4123ca05\" data-element_type=\"section\" data-e-type=\"section\">\n\t\t\t\t\t\t<div class=\"elementor-container elementor-column-gap-no\">\n\t\t\t\t\t<div class=\"elementor-column elementor-col-50 elementor-top-column elementor-element elementor-element-15e3f99\" data-id=\"15e3f99\" data-element_type=\"column\" data-e-type=\"column\">\n\t\t\t<div class=\"elementor-widget-wrap elementor-element-populated\">\n\t\t\t\t\t\t<div class=\"elementor-element elementor-element-5118190c elementor-widget elementor-widget-image\" data-id=\"5118190c\" data-element_type=\"widget\" data-e-type=\"widget\" data-widget_type=\"image.default\">\n\t\t\t\t<div class=\"elementor-widget-container\">\n\t\t\t\t\t\t\t\t\t\t\t\t\t\t\t<img decoding=\"async\" src=\"https:\/\/non-explo-world.ch\/wp-content\/uploads\/elementor\/thumbs\/03-copie-o6ubreoaop17xbfbm0i1dqi2l4e05ownbyn3d19av4.jpg\" title=\"03 &#8211; copie\" alt=\"03 - copie\" loading=\"lazy\" \/>\t\t\t\t\t\t\t\t\t\t\t\t\t\t\t<\/div>\n\t\t\t\t<\/div>\n\t\t\t\t\t<\/div>\n\t\t<\/div>\n\t\t\t\t<div class=\"elementor-column elementor-col-50 elementor-top-column elementor-element elementor-element-15954ac4\" data-id=\"15954ac4\" data-element_type=\"column\" data-e-type=\"column\" data-settings=\"{&quot;background_background&quot;:&quot;classic&quot;}\">\n\t\t\t<div class=\"elementor-widget-wrap elementor-element-populated\">\n\t\t\t\t\t\t<div class=\"elementor-element elementor-element-2a3f3cd elementor-widget elementor-widget-heading\" data-id=\"2a3f3cd\" data-element_type=\"widget\" data-e-type=\"widget\" data-widget_type=\"heading.default\">\n\t\t\t\t<div class=\"elementor-widget-container\">\n\t\t\t\t\t<h3 class=\"elementor-heading-title elementor-size-large\">\u041d\u0410\u0428\u0410 \u041a\u041e\u041c\u041f\u0410\u041d\u0418\u042f<\/h3>\t\t\t\t<\/div>\n\t\t\t\t<\/div>\n\t\t\t\t<section class=\"elementor-section elementor-inner-section elementor-element elementor-element-2966d68c elementor-reverse-mobile elementor-section-boxed elementor-section-height-default elementor-section-height-default\" data-id=\"2966d68c\" data-element_type=\"section\" data-e-type=\"section\">\n\t\t\t\t\t\t<div class=\"elementor-container elementor-column-gap-default\">\n\t\t\t\t\t<div class=\"elementor-column elementor-col-100 elementor-inner-column elementor-element elementor-element-669559c3\" data-id=\"669559c3\" data-element_type=\"column\" data-e-type=\"column\" data-settings=\"{&quot;background_background&quot;:&quot;classic&quot;}\">\n\t\t\t<div class=\"elementor-widget-wrap elementor-element-populated\">\n\t\t\t\t\t\t<div class=\"elementor-element elementor-element-c4b9dc5 elementor-widget elementor-widget-text-editor\" data-id=\"c4b9dc5\" data-element_type=\"widget\" data-e-type=\"widget\" data-widget_type=\"text-editor.default\">\n\t\t\t\t<div class=\"elementor-widget-container\">\n\t\t\t\t\t\t\t\t\t<p>Non-Explo World \u0431\u044b\u043b \u043e\u0441\u043d\u043e\u0432\u0430\u043d \u043d\u0430 \u043e\u043f\u044b\u0442\u0435, \u043d\u0430\u043a\u043e\u043f\u043b\u0435\u043d\u043d\u043e\u043c \u0432 \u0442\u0435\u0447\u0435\u043d\u0438\u0435 \u043d\u0435\u0441\u043a\u043e\u043b\u044c\u043a\u0438\u0445 \u043b\u0435\u0442 \u0432 \u043e\u0431\u043b\u0430\u0441\u0442\u0438 \u0441\u043d\u043e\u0441\u0430 \u0438 \u0437\u0430\u0449\u0438\u0442\u044b \u043e\u043a\u0440\u0443\u0436\u0430\u044e\u0449\u0435\u0439 \u0441\u0440\u0435\u0434\u044b.\u00a0<\/p><p>\u041a\u0432\u0430\u043b\u0438\u0444\u0438\u0446\u0438\u0440\u043e\u0432\u0430\u043d\u043d\u044b\u0435 \u0438\u043d\u0436\u0435\u043d\u0435\u0440\u044b \u0438 \u0442\u0435\u0445\u043d\u0438\u043a\u0438, \u0441\u043f\u043e\u0441\u043e\u0431\u043d\u044b\u0435 \u0443\u043f\u0440\u0430\u0432\u043b\u044f\u0442\u044c \u043f\u0440\u043e\u0435\u043a\u0442\u0430\u043c\u0438 \u043d\u0430 \u0432\u0441\u0435\u0445 \u044d\u0442\u0430\u043f\u0430\u0445, \u044f\u0432\u043b\u044f\u044e\u0442\u0441\u044f \u0447\u0430\u0441\u0442\u044c\u044e Non-Explo World.<\/p><p>\u0423\u0432\u0430\u0436\u0435\u043d\u0438\u0435 \u0438\u043d\u0436\u0435\u043d\u0435\u0440\u043d\u043e\u0439 \u044d\u043a\u043e\u043b\u043e\u0433\u0438\u0438 \u0438 \u043e\u0442\u0432\u0435\u0442\u0441\u0442\u0432\u0435\u043d\u043d\u043e\u0435 \u0438\u0441\u043f\u043e\u043b\u044c\u0437\u043e\u0432\u0430\u043d\u0438\u0435 \u043f\u0440\u0438\u0440\u043e\u0434\u043d\u044b\u0445 \u0440\u0435\u0441\u0443\u0440\u0441\u043e\u0432 \u0441\u043f\u043e\u0441\u043e\u0431\u0441\u0442\u0432\u0443\u044e\u0442 \u0444\u0438\u043b\u043e\u0441\u043e\u0444\u0438\u0438 Non-Explo World<\/p><p>\u041a\u0430\u043a \u044d\u043a\u0441\u043a\u043b\u044e\u0437\u0438\u0432\u043d\u044b\u0439 \u043f\u0440\u043e\u0434\u0430\u0432\u0435\u0446 \u043a\u0430\u0440\u0442\u0440\u0438\u0434\u0436\u0435\u0439 Autostem, Non-Explo World \u0445\u043e\u0447\u0435\u0442 \u043f\u0440\u043e\u0434\u0432\u0438\u0433\u0430\u0442\u044c \u0438\u043d\u043d\u043e\u0432\u0430\u0446\u0438\u043e\u043d\u043d\u044b\u0439 \u043f\u0440\u043e\u0434\u0443\u043a\u0442 \u0441 \u0431\u0435\u0437\u043e\u043f\u0430\u0441\u043d\u044b\u043c \u043c\u0435\u0442\u043e\u0434\u043e\u043c \u0438\u0441\u043f\u043e\u043b\u044c\u0437\u043e\u0432\u0430\u043d\u0438\u044f. \u00a0<\/p><p>\u0418\u043c\u0435\u043d\u043d\u043e \u0432 \u0441\u043e\u0442\u0440\u0443\u0434\u043d\u0438\u0447\u0435\u0441\u0442\u0432\u0435 \u0441 \u043a\u043e\u043c\u043f\u0430\u043d\u0438\u0435\u0439 Non-Explo Italia (\u043a\u043e\u0442\u043e\u0440\u0430\u044f \u0430\u043a\u0442\u0438\u0432\u043d\u043e \u0440\u0430\u0431\u043e\u0442\u0430\u0435\u0442 \u0432 \u0418\u0442\u0430\u043b\u0438\u0438 \u0432 \u0442\u0435\u0447\u0435\u043d\u0438\u0435 \u043c\u043d\u043e\u0433\u0438\u0445 \u043b\u0435\u0442), \u043c\u044b \u0440\u0430\u0437\u0440\u0430\u0431\u0430\u0442\u044b\u0432\u0430\u0435\u043c Autostem \u043a\u0430\u0440\u0442\u0440\u0438\u0434\u0436\u0438.\u00a0<\/p>\t\t\t\t\t\t\t\t<\/div>\n\t\t\t\t<\/div>\n\t\t\t\t<div class=\"elementor-element elementor-element-64b0134 elementor-mobile-align-center elementor-widget elementor-widget-button\" data-id=\"64b0134\" data-element_type=\"widget\" data-e-type=\"widget\" data-widget_type=\"button.default\">\n\t\t\t\t<div class=\"elementor-widget-container\">\n\t\t\t\t\t\t\t\t\t<div class=\"elementor-button-wrapper\">\n\t\t\t\t\t<a class=\"elementor-button elementor-button-link elementor-size-sm\" href=\"https:\/\/non-explo-world.ch\/ru\/contact\/\">\n\t\t\t\t\t\t<span class=\"elementor-button-content-wrapper\">\n\t\t\t\t\t\t\t\t\t<span class=\"elementor-button-text\">\u041a\u043e\u043d\u0442\u0430\u043a\u0442<\/span>\n\t\t\t\t\t<\/span>\n\t\t\t\t\t<\/a>\n\t\t\t\t<\/div>\n\t\t\t\t\t\t\t\t<\/div>\n\t\t\t\t<\/div>\n\t\t\t\t\t<\/div>\n\t\t<\/div>\n\t\t\t\t\t<\/div>\n\t\t<\/section>\n\t\t\t\t\t<\/div>\n\t\t<\/div>\n\t\t\t\t\t<\/div>\n\t\t<\/section>\n\t\t\t\t<\/div>","protected":false},"excerpt":{"rendered":"<p>Notre soci\u00e9t\u00e9 La soci\u00e9t\u00e9&nbsp;Non-Explo World S\u00e0rl est n\u00e9e de l\u2019exp\u00e9rience d\u00e9velopp\u00e9e depuis plusieurs ann\u00e9es dans le secteur de la d\u00e9molition et de la sauvegarde de l\u2019environnement.&nbsp; Des ing\u00e9nieurs et techniciens qualifi\u00e9s sont \u00e0 la base de la soci\u00e9t\u00e9 Non-Explo World S\u00e0rl&nbsp;avec la capacit\u00e9 de g\u00e9rer des chantiers dans toutes leurs \u00e9tapes. La soci\u00e9t\u00e9 Non-Explo World [&hellip;]<\/p>\n","protected":false},"author":1,"featured_media":0,"parent":0,"menu_order":0,"comment_status":"closed","ping_status":"closed","template":"elementor_header_footer","meta":{"footnotes":""},"class_list":["post-29224","page","type-page","status-publish","hentry"],"_links":{"self":[{"href":"https:\/\/non-explo-world.ch\/ru\/wp-json\/wp\/v2\/pages\/29224","targetHints":{"allow":["GET"]}}],"collection":[{"href":"https:\/\/non-explo-world.ch\/ru\/wp-json\/wp\/v2\/pages"}],"about":[{"href":"https:\/\/non-explo-world.ch\/ru\/wp-json\/wp\/v2\/types\/page"}],"author":[{"embeddable":true,"href":"https:\/\/non-explo-world.ch\/ru\/wp-json\/wp\/v2\/users\/1"}],"replies":[{"embeddable":true,"href":"https:\/\/non-explo-world.ch\/ru\/wp-json\/wp\/v2\/comments?post=29224"}],"version-history":[{"count":5,"href":"https:\/\/non-explo-world.ch\/ru\/wp-json\/wp\/v2\/pages\/29224\/revisions"}],"predecessor-version":[{"id":29592,"href":"https:\/\/non-explo-world.ch\/ru\/wp-json\/wp\/v2\/pages\/29224\/revisions\/29592"}],"wp:attachment":[{"href":"https:\/\/non-explo-world.ch\/ru\/wp-json\/wp\/v2\/media?parent=29224"}],"curies":[{"name":"wp","href":"https:\/\/api.w.org\/{rel}","templated":true}]}}