{"id":29228,"date":"2019-04-24T08:53:11","date_gmt":"2019-04-24T06:53:11","guid":{"rendered":"http:\/\/t77ufwfpi.preview.infomaniak.website\/?page_id=29228"},"modified":"2019-11-26T13:57:04","modified_gmt":"2019-11-26T12:57:04","slug":"nos-produits","status":"publish","type":"page","link":"https:\/\/non-explo-world.ch\/en\/nos-produits\/","title":{"rendered":"Our product"},"content":{"rendered":"<div data-elementor-type=\"wp-post\" data-elementor-id=\"29228\" class=\"elementor elementor-29228\" data-elementor-post-type=\"page\">\n\t\t\t\t\t\t<section class=\"elementor-section elementor-top-section elementor-element elementor-element-92459d3 elementor-section-content-middle elementor-section-boxed elementor-section-height-default elementor-section-height-default\" data-id=\"92459d3\" data-element_type=\"section\" data-e-type=\"section\" data-settings=\"{&quot;background_background&quot;:&quot;classic&quot;}\">\n\t\t\t\t\t\t<div class=\"elementor-container elementor-column-gap-no\">\n\t\t\t\t\t<div class=\"elementor-column elementor-col-100 elementor-top-column elementor-element elementor-element-52d4609\" data-id=\"52d4609\" data-element_type=\"column\" data-e-type=\"column\">\n\t\t\t<div class=\"elementor-widget-wrap elementor-element-populated\">\n\t\t\t\t\t\t<div class=\"elementor-element elementor-element-7dc5555 elementor-widget elementor-widget-heading\" data-id=\"7dc5555\" data-element_type=\"widget\" data-e-type=\"widget\" data-widget_type=\"heading.default\">\n\t\t\t\t<div class=\"elementor-widget-container\">\n\t\t\t\t\t<h3 class=\"elementor-heading-title elementor-size-large\">OUR PRODUCT<\/h3>\t\t\t\t<\/div>\n\t\t\t\t<\/div>\n\t\t\t\t<div class=\"elementor-element elementor-element-a2a4167 elementor-widget-divider--view-line elementor-widget elementor-widget-divider\" data-id=\"a2a4167\" data-element_type=\"widget\" data-e-type=\"widget\" data-widget_type=\"divider.default\">\n\t\t\t\t<div class=\"elementor-widget-container\">\n\t\t\t\t\t\t\t<div class=\"elementor-divider\">\n\t\t\t<span class=\"elementor-divider-separator\">\n\t\t\t\t\t\t<\/span>\n\t\t<\/div>\n\t\t\t\t\t\t<\/div>\n\t\t\t\t<\/div>\n\t\t\t\t<section class=\"elementor-section elementor-inner-section elementor-element elementor-element-149a69b elementor-section-boxed elementor-section-height-default elementor-section-height-default\" data-id=\"149a69b\" data-element_type=\"section\" data-e-type=\"section\">\n\t\t\t\t\t\t<div class=\"elementor-container elementor-column-gap-default\">\n\t\t\t\t\t<div class=\"elementor-column elementor-col-50 elementor-inner-column elementor-element elementor-element-32e6aa3\" data-id=\"32e6aa3\" data-element_type=\"column\" data-e-type=\"column\">\n\t\t\t<div class=\"elementor-widget-wrap elementor-element-populated\">\n\t\t\t\t\t\t<div class=\"elementor-element elementor-element-636168c elementor-widget elementor-widget-image\" data-id=\"636168c\" data-element_type=\"widget\" data-e-type=\"widget\" data-widget_type=\"image.default\">\n\t\t\t\t<div class=\"elementor-widget-container\">\n\t\t\t\t\t\t\t\t\t\t\t\t\t\t\t<img fetchpriority=\"high\" decoding=\"async\" width=\"1420\" height=\"1144\" src=\"https:\/\/non-explo-world.ch\/wp-content\/uploads\/2019\/04\/Autostem-3.png\" class=\"attachment-full size-full wp-image-29364\" alt=\"\" srcset=\"https:\/\/non-explo-world.ch\/wp-content\/uploads\/2019\/04\/Autostem-3.png 1420w, https:\/\/non-explo-world.ch\/wp-content\/uploads\/2019\/04\/Autostem-3-300x242.png 300w, https:\/\/non-explo-world.ch\/wp-content\/uploads\/2019\/04\/Autostem-3-768x619.png 768w, https:\/\/non-explo-world.ch\/wp-content\/uploads\/2019\/04\/Autostem-3-1024x825.png 1024w\" sizes=\"(max-width: 1420px) 100vw, 1420px\" \/>\t\t\t\t\t\t\t\t\t\t\t\t\t\t\t<\/div>\n\t\t\t\t<\/div>\n\t\t\t\t<div class=\"elementor-element elementor-element-2a97d6c elementor-widget elementor-widget-heading\" data-id=\"2a97d6c\" data-element_type=\"widget\" data-e-type=\"widget\" data-widget_type=\"heading.default\">\n\t\t\t\t<div class=\"elementor-widget-container\">\n\t\t\t\t\t<h3 class=\"elementor-heading-title elementor-size-large\">AUTOSTEM 3<\/h3>\t\t\t\t<\/div>\n\t\t\t\t<\/div>\n\t\t\t\t<div class=\"elementor-element elementor-element-e66b412 elementor-widget elementor-widget-heading\" data-id=\"e66b412\" data-element_type=\"widget\" data-e-type=\"widget\" data-widget_type=\"heading.default\">\n\t\t\t\t<div class=\"elementor-widget-container\">\n\t\t\t\t\t<h3 class=\"elementor-heading-title elementor-size-large\">PUT POWER INTO YOUR WORK<\/h3>\t\t\t\t<\/div>\n\t\t\t\t<\/div>\n\t\t\t\t<div class=\"elementor-element elementor-element-2cfb9b3 elementor-widget elementor-widget-text-editor\" data-id=\"2cfb9b3\" data-element_type=\"widget\" data-e-type=\"widget\" data-widget_type=\"text-editor.default\">\n\t\t\t\t<div class=\"elementor-widget-container\">\n\t\t\t\t\t\t\t\t\t<p>The patented AUTOSTEM 3 system released in 2018 is equipped with a <span style=\"color: #94c11f;\"><strong>dual self-current system that allows for greater potential and safety<\/strong><\/span> than the previous models. The cartridges are constructed with a helical shape for greater adhesion to the walls of the hole and for a better demolition capacity. From 35 mm in diameter size, the cartridges come with a built in self protection mechanism (safety switch) against accidental triggering.<\/p>\t\t\t\t\t\t\t\t<\/div>\n\t\t\t\t<\/div>\n\t\t\t\t\t<\/div>\n\t\t<\/div>\n\t\t\t\t<div class=\"elementor-column elementor-col-50 elementor-inner-column elementor-element elementor-element-c8e00f5\" data-id=\"c8e00f5\" data-element_type=\"column\" data-e-type=\"column\">\n\t\t\t<div class=\"elementor-widget-wrap elementor-element-populated\">\n\t\t\t\t\t\t<div class=\"elementor-element elementor-element-ca470c9 elementor-widget elementor-widget-text-editor\" data-id=\"ca470c9\" data-element_type=\"widget\" data-e-type=\"widget\" data-widget_type=\"text-editor.default\">\n\t\t\t\t<div class=\"elementor-widget-container\">\n\t\t\t\t\t\t\t\t\t<p><strong>HOW IT WORKS:<\/strong><\/p><p>AUTOSTEM's demolition system is based on the use of a cartridge that causes the controlled fragmentation of the rock by gas generation. The cartridge confined in a borehole and when triggered, generates large quantities of non-hazardous high pressure gases, which exert pressure on the bottom and sides, causing a controlled rupture of the rock or reinforced concrete structure.\u00a0<\/p><p>The particularity that distinguishes the AUTOSTEM cartridge from other similar demolition systems is its self jamming, i.e. the non-toxic gases that are emitted following the priming of the cartridge, as well as the fragmentation described previously, activates an automatic jamming mechanism. When the  AUTOSTEM cartridge is triggered in an unconfined context, it is harmless because the pressure exerted is not sufficient to activate the combustion of the compound contained inside.\u00a0<\/p><p>Another factor that makes AUTOSTEM safe is the low speed of the powder reaction due to which it avoids excessive projection of material, thus reducing damage to surrounding structures.<\/p><p><strong>METHODE OF USE:<\/strong><\/p><p>\u00a0The use of the autostem system is immediate because it does not require any jamming, the cartridge is inserted directly into the borehole bu the operator, then the wires are connected to the firing line.\u00a0<\/p><p>Once the continuity of the supply line has been checked with an ohmeter (use only a certified explosives ohmeter), the cartridges are activated by the exploder (approved). Even if fragment projections are minimal, it is advisable to keep a clearance zone for greater safety.<\/p><p><span style=\"text-decoration: underline;\">AUTOSTEM 3 cartridges are waterproof and can be used underwater.<\/span><\/p>\t\t\t\t\t\t\t\t<\/div>\n\t\t\t\t<\/div>\n\t\t\t\t\t<\/div>\n\t\t<\/div>\n\t\t\t\t\t<\/div>\n\t\t<\/section>\n\t\t\t\t<section class=\"elementor-section elementor-inner-section elementor-element elementor-element-2e5cb99 elementor-section-boxed elementor-section-height-default elementor-section-height-default\" data-id=\"2e5cb99\" data-element_type=\"section\" data-e-type=\"section\">\n\t\t\t\t\t\t<div class=\"elementor-container elementor-column-gap-default\">\n\t\t\t\t\t<div class=\"elementor-column elementor-col-50 elementor-inner-column elementor-element elementor-element-9b112d6\" data-id=\"9b112d6\" data-element_type=\"column\" data-e-type=\"column\">\n\t\t\t<div class=\"elementor-widget-wrap elementor-element-populated\">\n\t\t\t\t\t\t<div class=\"elementor-element elementor-element-aedc425 elementor-widget elementor-widget-image\" data-id=\"aedc425\" data-element_type=\"widget\" data-e-type=\"widget\" data-widget_type=\"image.default\">\n\t\t\t\t<div class=\"elementor-widget-container\">\n\t\t\t\t\t\t\t\t\t\t\t\t\t\t\t<img decoding=\"async\" width=\"800\" height=\"573\" src=\"https:\/\/non-explo-world.ch\/wp-content\/uploads\/2019\/04\/Autostem-3.1.jpg\" class=\"attachment-full size-full wp-image-29445\" alt=\"\" srcset=\"https:\/\/non-explo-world.ch\/wp-content\/uploads\/2019\/04\/Autostem-3.1.jpg 800w, https:\/\/non-explo-world.ch\/wp-content\/uploads\/2019\/04\/Autostem-3.1-300x215.jpg 300w, https:\/\/non-explo-world.ch\/wp-content\/uploads\/2019\/04\/Autostem-3.1-768x550.jpg 768w\" sizes=\"(max-width: 800px) 100vw, 800px\" \/>\t\t\t\t\t\t\t\t\t\t\t\t\t\t\t<\/div>\n\t\t\t\t<\/div>\n\t\t\t\t\t<\/div>\n\t\t<\/div>\n\t\t\t\t<div class=\"elementor-column elementor-col-50 elementor-inner-column elementor-element elementor-element-0e7a0a3\" data-id=\"0e7a0a3\" data-element_type=\"column\" data-e-type=\"column\">\n\t\t\t<div class=\"elementor-widget-wrap elementor-element-populated\">\n\t\t\t\t\t\t<div class=\"elementor-element elementor-element-d375325 elementor-widget elementor-widget-text-editor\" data-id=\"d375325\" data-element_type=\"widget\" data-e-type=\"widget\" data-widget_type=\"text-editor.default\">\n\t\t\t\t<div class=\"elementor-widget-container\">\n\t\t\t\t\t\t\t\t\t<p><strong>DIAMETERS AND WEIGHTS AVAILABLE:<\/strong><\/p><p><span style=\"text-decoration: underline;\">Autostem TM GEN III Splinter:<\/span>\u00a0<span style=\"font-size: 1rem;\">3, 6, 9 gr in diameter 9mm <\/span><span style=\"font-size: 1rem;\">(suitable for 12 mm micro-demolition drilling)<\/span><\/p><p><span style=\"text-decoration: underline;\">Autostem TM GEN III Fragmentor:<\/span> 20, 30, 40 gr in 17mm diameter (suitable for small 20mm drilling demolitions)<\/p><p><span style=\"text-decoration: underline;\">Autostem TM GEN III 35mm:<\/span> 180, 300 gr in diameter 35mm (suitable for medium demolition drilling up to 38mm)<\/p><p><span style=\"text-decoration: underline;\">Autostem TM GEN III 43mm:<\/span> 550 gr in diameter 43mm (suitable for medium demolition drilling up to 45mm)<\/p><p><span style=\"text-decoration: underline;\">Autostem TM GEN III 87mm:<\/span> 1700 gr in diameter 87mm (suitable for large demolitions and use in drilling quarries up to 90mm)<\/p>\t\t\t\t\t\t\t\t<\/div>\n\t\t\t\t<\/div>\n\t\t\t\t\t<\/div>\n\t\t<\/div>\n\t\t\t\t\t<\/div>\n\t\t<\/section>\n\t\t\t\t<div class=\"elementor-element elementor-element-65c355b elementor-align-center elementor-widget elementor-widget-button\" data-id=\"65c355b\" data-element_type=\"widget\" data-e-type=\"widget\" data-widget_type=\"button.default\">\n\t\t\t\t<div class=\"elementor-widget-container\">\n\t\t\t\t\t\t\t\t\t<div class=\"elementor-button-wrapper\">\n\t\t\t\t\t<a class=\"elementor-button elementor-button-link elementor-size-sm\" href=\"#\">\n\t\t\t\t\t\t<span class=\"elementor-button-content-wrapper\">\n\t\t\t\t\t\t\t\t\t<span class=\"elementor-button-text\">Discover our gallery<\/span>\n\t\t\t\t\t<\/span>\n\t\t\t\t\t<\/a>\n\t\t\t\t<\/div>\n\t\t\t\t\t\t\t\t<\/div>\n\t\t\t\t<\/div>\n\t\t\t\t<div class=\"elementor-element elementor-element-2d1fb0d elementor-widget elementor-widget-image\" data-id=\"2d1fb0d\" data-element_type=\"widget\" data-e-type=\"widget\" data-widget_type=\"image.default\">\n\t\t\t\t<div class=\"elementor-widget-container\">\n\t\t\t\t\t\t\t\t\t\t\t\t\t\t\t<img decoding=\"async\" width=\"1749\" height=\"1241\" src=\"https:\/\/non-explo-world.ch\/wp-content\/uploads\/2019\/09\/NEW-Globe.jpg\" class=\"attachment-full size-full wp-image-29558\" alt=\"\" srcset=\"https:\/\/non-explo-world.ch\/wp-content\/uploads\/2019\/09\/NEW-Globe.jpg 1749w, https:\/\/non-explo-world.ch\/wp-content\/uploads\/2019\/09\/NEW-Globe-300x213.jpg 300w, https:\/\/non-explo-world.ch\/wp-content\/uploads\/2019\/09\/NEW-Globe-768x545.jpg 768w, https:\/\/non-explo-world.ch\/wp-content\/uploads\/2019\/09\/NEW-Globe-1024x727.jpg 1024w\" sizes=\"(max-width: 1749px) 100vw, 1749px\" \/>\t\t\t\t\t\t\t\t\t\t\t\t\t\t\t<\/div>\n\t\t\t\t<\/div>\n\t\t\t\t\t<\/div>\n\t\t<\/div>\n\t\t\t\t\t<\/div>\n\t\t<\/section>\n\t\t\t\t<\/div>","protected":false},"excerpt":{"rendered":"<p>notre produit AUTOSTEM 3 Mettez de la puissance \u00e0 votre travail Le syst\u00e8me brevet\u00e9 AUTOSTEM 3 est \u00e9quip\u00e9 d\u2019un syst\u00e8me autobourant double qui permet d\u2019avoir un plus grand potentiel et de s\u00e9curit\u00e9 que les mod\u00e8les pr\u00e9c\u00e9dents. Les cartouches sont construites avec une forme h\u00e9lico\u00efdale pour une plus grande adh\u00e9rence aux parois du trou et pour [&hellip;]<\/p>\n","protected":false},"author":1,"featured_media":0,"parent":0,"menu_order":0,"comment_status":"closed","ping_status":"closed","template":"elementor_header_footer","meta":{"footnotes":""},"class_list":["post-29228","page","type-page","status-publish","hentry"],"_links":{"self":[{"href":"https:\/\/non-explo-world.ch\/en\/wp-json\/wp\/v2\/pages\/29228","targetHints":{"allow":["GET"]}}],"collection":[{"href":"https:\/\/non-explo-world.ch\/en\/wp-json\/wp\/v2\/pages"}],"about":[{"href":"https:\/\/non-explo-world.ch\/en\/wp-json\/wp\/v2\/types\/page"}],"author":[{"embeddable":true,"href":"https:\/\/non-explo-world.ch\/en\/wp-json\/wp\/v2\/users\/1"}],"replies":[{"embeddable":true,"href":"https:\/\/non-explo-world.ch\/en\/wp-json\/wp\/v2\/comments?post=29228"}],"version-history":[{"count":5,"href":"https:\/\/non-explo-world.ch\/en\/wp-json\/wp\/v2\/pages\/29228\/revisions"}],"predecessor-version":[{"id":29610,"href":"https:\/\/non-explo-world.ch\/en\/wp-json\/wp\/v2\/pages\/29228\/revisions\/29610"}],"wp:attachment":[{"href":"https:\/\/non-explo-world.ch\/en\/wp-json\/wp\/v2\/media?parent=29228"}],"curies":[{"name":"wp","href":"https:\/\/api.w.org\/{rel}","templated":true}]}}