{"id":29224,"date":"2019-04-24T08:51:57","date_gmt":"2019-04-24T06:51:57","guid":{"rendered":"http:\/\/t77ufwfpi.preview.infomaniak.website\/?page_id=29224"},"modified":"2019-12-03T15:03:19","modified_gmt":"2019-12-03T14:03:19","slug":"a-propos","status":"publish","type":"page","link":"https:\/\/non-explo-world.ch\/en\/a-propos\/","title":{"rendered":"About us"},"content":{"rendered":"<div data-elementor-type=\"wp-post\" data-elementor-id=\"29224\" class=\"elementor elementor-29224\" data-elementor-post-type=\"page\">\n\t\t\t\t\t\t<section class=\"elementor-section elementor-top-section elementor-element elementor-element-4123ca05 elementor-section-boxed elementor-section-height-default elementor-section-height-default\" data-id=\"4123ca05\" data-element_type=\"section\" data-e-type=\"section\">\n\t\t\t\t\t\t<div class=\"elementor-container elementor-column-gap-no\">\n\t\t\t\t\t<div class=\"elementor-column elementor-col-50 elementor-top-column elementor-element elementor-element-15e3f99\" data-id=\"15e3f99\" data-element_type=\"column\" data-e-type=\"column\">\n\t\t\t<div class=\"elementor-widget-wrap elementor-element-populated\">\n\t\t\t\t\t\t<div class=\"elementor-element elementor-element-5118190c elementor-widget elementor-widget-image\" data-id=\"5118190c\" data-element_type=\"widget\" data-e-type=\"widget\" data-widget_type=\"image.default\">\n\t\t\t\t<div class=\"elementor-widget-container\">\n\t\t\t\t\t\t\t\t\t\t\t\t\t\t\t<img decoding=\"async\" src=\"https:\/\/non-explo-world.ch\/wp-content\/uploads\/elementor\/thumbs\/03-copie-o6ubreoaop17xbfbm0i1dqi2l4e05ownbyn3d19av4.jpg\" title=\"03 &#8211; copie\" alt=\"03 - copie\" loading=\"lazy\" \/>\t\t\t\t\t\t\t\t\t\t\t\t\t\t\t<\/div>\n\t\t\t\t<\/div>\n\t\t\t\t\t<\/div>\n\t\t<\/div>\n\t\t\t\t<div class=\"elementor-column elementor-col-50 elementor-top-column elementor-element elementor-element-15954ac4\" data-id=\"15954ac4\" data-element_type=\"column\" data-e-type=\"column\" data-settings=\"{&quot;background_background&quot;:&quot;classic&quot;}\">\n\t\t\t<div class=\"elementor-widget-wrap elementor-element-populated\">\n\t\t\t\t\t\t<div class=\"elementor-element elementor-element-2a3f3cd elementor-widget elementor-widget-heading\" data-id=\"2a3f3cd\" data-element_type=\"widget\" data-e-type=\"widget\" data-widget_type=\"heading.default\">\n\t\t\t\t<div class=\"elementor-widget-container\">\n\t\t\t\t\t<h3 class=\"elementor-heading-title elementor-size-large\">OUR COMPANY<\/h3>\t\t\t\t<\/div>\n\t\t\t\t<\/div>\n\t\t\t\t<section class=\"elementor-section elementor-inner-section elementor-element elementor-element-2966d68c elementor-reverse-mobile elementor-section-boxed elementor-section-height-default elementor-section-height-default\" data-id=\"2966d68c\" data-element_type=\"section\" data-e-type=\"section\">\n\t\t\t\t\t\t<div class=\"elementor-container elementor-column-gap-default\">\n\t\t\t\t\t<div class=\"elementor-column elementor-col-100 elementor-inner-column elementor-element elementor-element-669559c3\" data-id=\"669559c3\" data-element_type=\"column\" data-e-type=\"column\" data-settings=\"{&quot;background_background&quot;:&quot;classic&quot;}\">\n\t\t\t<div class=\"elementor-widget-wrap elementor-element-populated\">\n\t\t\t\t\t\t<div class=\"elementor-element elementor-element-c4b9dc5 elementor-widget elementor-widget-text-editor\" data-id=\"c4b9dc5\" data-element_type=\"widget\" data-e-type=\"widget\" data-widget_type=\"text-editor.default\">\n\t\t\t\t<div class=\"elementor-widget-container\">\n\t\t\t\t\t\t\t\t\t<p>Non-Explo World was founded from the experience developed over several years in the demolition and environmental protection sector.\u00a0<\/p><p>Qualified engineers and technicians with the ability to manage projects in all their stages are part of Non-Explo World<\/p><p>The respect of environmental engineering and a responsible use of natural resources contributes to Non-Explo World philosophy<\/p><p>As the exclusive reseller of Autostem cartridges, Non-Explo World wishes to promote an innovative product with a secure method of use. \u00a0<\/p><p>It is in collaboration with the company Non-Explo Italia, (a company that has been active in Italy for many years) that we develop Autostem cartridges.\u00a0<\/p>\t\t\t\t\t\t\t\t<\/div>\n\t\t\t\t<\/div>\n\t\t\t\t<div class=\"elementor-element elementor-element-64b0134 elementor-mobile-align-center elementor-widget elementor-widget-button\" data-id=\"64b0134\" data-element_type=\"widget\" data-e-type=\"widget\" data-widget_type=\"button.default\">\n\t\t\t\t<div class=\"elementor-widget-container\">\n\t\t\t\t\t\t\t\t\t<div class=\"elementor-button-wrapper\">\n\t\t\t\t\t<a class=\"elementor-button elementor-button-link elementor-size-sm\" href=\"https:\/\/non-explo-world.ch\/en\/contact\/\">\n\t\t\t\t\t\t<span class=\"elementor-button-content-wrapper\">\n\t\t\t\t\t\t\t\t\t<span class=\"elementor-button-text\">Contact us<\/span>\n\t\t\t\t\t<\/span>\n\t\t\t\t\t<\/a>\n\t\t\t\t<\/div>\n\t\t\t\t\t\t\t\t<\/div>\n\t\t\t\t<\/div>\n\t\t\t\t\t<\/div>\n\t\t<\/div>\n\t\t\t\t\t<\/div>\n\t\t<\/section>\n\t\t\t\t\t<\/div>\n\t\t<\/div>\n\t\t\t\t\t<\/div>\n\t\t<\/section>\n\t\t\t\t<\/div>","protected":false},"excerpt":{"rendered":"<p>Notre soci\u00e9t\u00e9 La soci\u00e9t\u00e9&nbsp;Non-Explo World S\u00e0rl est n\u00e9e de l\u2019exp\u00e9rience d\u00e9velopp\u00e9e depuis plusieurs ann\u00e9es dans le secteur de la d\u00e9molition et de la sauvegarde de l\u2019environnement.&nbsp; Des ing\u00e9nieurs et techniciens qualifi\u00e9s sont \u00e0 la base de la soci\u00e9t\u00e9 Non-Explo World S\u00e0rl&nbsp;avec la capacit\u00e9 de g\u00e9rer des chantiers dans toutes leurs \u00e9tapes. La soci\u00e9t\u00e9 Non-Explo World [&hellip;]<\/p>\n","protected":false},"author":1,"featured_media":0,"parent":0,"menu_order":0,"comment_status":"closed","ping_status":"closed","template":"elementor_header_footer","meta":{"footnotes":""},"class_list":["post-29224","page","type-page","status-publish","hentry"],"_links":{"self":[{"href":"https:\/\/non-explo-world.ch\/en\/wp-json\/wp\/v2\/pages\/29224","targetHints":{"allow":["GET"]}}],"collection":[{"href":"https:\/\/non-explo-world.ch\/en\/wp-json\/wp\/v2\/pages"}],"about":[{"href":"https:\/\/non-explo-world.ch\/en\/wp-json\/wp\/v2\/types\/page"}],"author":[{"embeddable":true,"href":"https:\/\/non-explo-world.ch\/en\/wp-json\/wp\/v2\/users\/1"}],"replies":[{"embeddable":true,"href":"https:\/\/non-explo-world.ch\/en\/wp-json\/wp\/v2\/comments?post=29224"}],"version-history":[{"count":5,"href":"https:\/\/non-explo-world.ch\/en\/wp-json\/wp\/v2\/pages\/29224\/revisions"}],"predecessor-version":[{"id":29592,"href":"https:\/\/non-explo-world.ch\/en\/wp-json\/wp\/v2\/pages\/29224\/revisions\/29592"}],"wp:attachment":[{"href":"https:\/\/non-explo-world.ch\/en\/wp-json\/wp\/v2\/media?parent=29224"}],"curies":[{"name":"wp","href":"https:\/\/api.w.org\/{rel}","templated":true}]}}