{"id":29228,"date":"2019-04-24T08:53:11","date_gmt":"2019-04-24T06:53:11","guid":{"rendered":"http:\/\/t77ufwfpi.preview.infomaniak.website\/?page_id=29228"},"modified":"2019-11-26T13:57:04","modified_gmt":"2019-11-26T12:57:04","slug":"nos-produits","status":"publish","type":"page","link":"https:\/\/non-explo-world.ch\/ar\/nos-produits\/","title":{"rendered":"\u0645\u0646\u062a\u062c\u0646\u0627"},"content":{"rendered":"<div data-elementor-type=\"wp-post\" data-elementor-id=\"29228\" class=\"elementor elementor-29228\" data-elementor-post-type=\"page\">\n\t\t\t\t\t\t<section class=\"elementor-section elementor-top-section elementor-element elementor-element-92459d3 elementor-section-content-middle elementor-section-boxed elementor-section-height-default elementor-section-height-default\" data-id=\"92459d3\" data-element_type=\"section\" data-e-type=\"section\" data-settings=\"{&quot;background_background&quot;:&quot;classic&quot;}\">\n\t\t\t\t\t\t<div class=\"elementor-container elementor-column-gap-no\">\n\t\t\t\t\t<div class=\"elementor-column elementor-col-100 elementor-top-column elementor-element elementor-element-52d4609\" data-id=\"52d4609\" data-element_type=\"column\" data-e-type=\"column\">\n\t\t\t<div class=\"elementor-widget-wrap elementor-element-populated\">\n\t\t\t\t\t\t<div class=\"elementor-element elementor-element-7dc5555 elementor-widget elementor-widget-heading\" data-id=\"7dc5555\" data-element_type=\"widget\" data-e-type=\"widget\" data-widget_type=\"heading.default\">\n\t\t\t\t<div class=\"elementor-widget-container\">\n\t\t\t\t\t<h3 class=\"elementor-heading-title elementor-size-large\">\u0645\u0646\u062a\u062c\u0646\u0627<\/h3>\t\t\t\t<\/div>\n\t\t\t\t<\/div>\n\t\t\t\t<div class=\"elementor-element elementor-element-a2a4167 elementor-widget-divider--view-line elementor-widget elementor-widget-divider\" data-id=\"a2a4167\" data-element_type=\"widget\" data-e-type=\"widget\" data-widget_type=\"divider.default\">\n\t\t\t\t<div class=\"elementor-widget-container\">\n\t\t\t\t\t\t\t<div class=\"elementor-divider\">\n\t\t\t<span class=\"elementor-divider-separator\">\n\t\t\t\t\t\t<\/span>\n\t\t<\/div>\n\t\t\t\t\t\t<\/div>\n\t\t\t\t<\/div>\n\t\t\t\t<section class=\"elementor-section elementor-inner-section elementor-element elementor-element-149a69b elementor-section-boxed elementor-section-height-default elementor-section-height-default\" data-id=\"149a69b\" data-element_type=\"section\" data-e-type=\"section\">\n\t\t\t\t\t\t<div class=\"elementor-container elementor-column-gap-default\">\n\t\t\t\t\t<div class=\"elementor-column elementor-col-50 elementor-inner-column elementor-element elementor-element-32e6aa3\" data-id=\"32e6aa3\" data-element_type=\"column\" data-e-type=\"column\">\n\t\t\t<div class=\"elementor-widget-wrap elementor-element-populated\">\n\t\t\t\t\t\t<div class=\"elementor-element elementor-element-636168c elementor-widget elementor-widget-image\" data-id=\"636168c\" data-element_type=\"widget\" data-e-type=\"widget\" data-widget_type=\"image.default\">\n\t\t\t\t<div class=\"elementor-widget-container\">\n\t\t\t\t\t\t\t\t\t\t\t\t\t\t\t<img fetchpriority=\"high\" decoding=\"async\" width=\"1420\" height=\"1144\" src=\"https:\/\/non-explo-world.ch\/wp-content\/uploads\/2019\/04\/Autostem-3.png\" class=\"attachment-full size-full wp-image-29364\" alt=\"\" srcset=\"https:\/\/non-explo-world.ch\/wp-content\/uploads\/2019\/04\/Autostem-3.png 1420w, https:\/\/non-explo-world.ch\/wp-content\/uploads\/2019\/04\/Autostem-3-300x242.png 300w, https:\/\/non-explo-world.ch\/wp-content\/uploads\/2019\/04\/Autostem-3-768x619.png 768w, https:\/\/non-explo-world.ch\/wp-content\/uploads\/2019\/04\/Autostem-3-1024x825.png 1024w\" sizes=\"(max-width: 1420px) 100vw, 1420px\" \/>\t\t\t\t\t\t\t\t\t\t\t\t\t\t\t<\/div>\n\t\t\t\t<\/div>\n\t\t\t\t<div class=\"elementor-element elementor-element-2a97d6c elementor-widget elementor-widget-heading\" data-id=\"2a97d6c\" data-element_type=\"widget\" data-e-type=\"widget\" data-widget_type=\"heading.default\">\n\t\t\t\t<div class=\"elementor-widget-container\">\n\t\t\t\t\t<h3 class=\"elementor-heading-title elementor-size-large\">AUTOSTEM 3<\/h3>\t\t\t\t<\/div>\n\t\t\t\t<\/div>\n\t\t\t\t<div class=\"elementor-element elementor-element-e66b412 elementor-widget elementor-widget-heading\" data-id=\"e66b412\" data-element_type=\"widget\" data-e-type=\"widget\" data-widget_type=\"heading.default\">\n\t\t\t\t<div class=\"elementor-widget-container\">\n\t\t\t\t\t<h3 class=\"elementor-heading-title elementor-size-large\">\u0627\u0633\u062a\u062e\u062f\u0627\u0645 \u0627\u0644\u0642\u0648\u0629 \u0641\u064a \u0639\u0645\u0644\u0643<\/h3>\t\t\t\t<\/div>\n\t\t\t\t<\/div>\n\t\t\t\t<div class=\"elementor-element elementor-element-2cfb9b3 elementor-widget elementor-widget-text-editor\" data-id=\"2cfb9b3\" data-element_type=\"widget\" data-e-type=\"widget\" data-widget_type=\"text-editor.default\">\n\t\t\t\t<div class=\"elementor-widget-container\">\n\t\t\t\t\t\t\t\t\t<p>\u062a\u0645 \u062a\u0632\u0648\u064a\u062f \u0646\u0638\u0627\u0645 Autostem 3 \u0627\u0644\u062d\u0627\u0626\u0632 \u0639\u0644\u0649 \u0628\u0631\u0627\u0621\u0629 \u0627\u062e\u062a\u0631\u0627\u0639 \u060c \u0648\u0627\u0644\u0630\u064a \u062a\u0645 \u0625\u0635\u062f\u0627\u0631\u0647 \u0641\u064a \u0639\u0627\u0645 2018 \u060c \u0628\u0646\u0638\u0627\u0645 \u062a\u062f\u0641\u0642 \u0627\u0644\u062c\u0627\u0630\u0628\u064a\u0629 \u0627\u0644\u0645\u0632\u062f\u0648\u062c \u060c \u0648\u0627\u0644\u0630\u064a \u064a\u0648\u0641\u0631 \u0625\u0645\u0643\u0627\u0646\u0627\u062a \u0648\u0623\u0645\u0627\u0646 \u0623\u0643\u0628\u0631 \u0645\u0646 \u0627\u0644\u0645\u0648\u062f\u064a\u0644\u0627\u062a \u0627\u0644\u0633\u0627\u0628\u0642\u0629. \u0627\u0644\u062e\u0631\u0627\u0637\u064a\u0634 \u0644\u0647\u0627 \u0634\u0643\u0644 \u062d\u0644\u0632\u0648\u0646\u064a \u0644\u0645\u0632\u064a\u062f \u0645\u0646 \u0627\u0644\u0627\u0644\u062a\u0635\u0627\u0642 \u0628\u062c\u062f\u0631\u0627\u0646 \u0627\u0644\u062d\u0641\u0631\u0629 \u0648\u0642\u062f\u0631\u0629 \u062a\u062f\u0645\u064a\u0631\u064a\u0629 \u0623\u0641\u0636\u0644. \u062a\u0645 \u062a\u062c\u0647\u064a\u0632 \u0627\u0644\u062e\u0631\u0627\u0637\u064a\u0634 \u0627\u0644\u062a\u064a \u064a\u0628\u0644\u063a \u0642\u0637\u0631\u0647\u0627 35 \u0645\u0644\u0645 \u0628\u0622\u0644\u064a\u0629 \u062d\u0645\u0627\u064a\u0629 \u0630\u0627\u062a\u064a\u0629 \u0645\u0636\u0645\u0651\u0646\u0629 (\u0645\u0641\u062a\u0627\u062d \u0623\u0645\u0627\u0646) \u0636\u062f \u0627\u0644\u062a\u0634\u063a\u064a\u0644 \u0627\u0644\u0639\u0631\u0636\u064a. <span style=\"color: #94c11f;\"><strong>syst\u00e8me autobourant double qui permet d\u2019avoir un plus grand potentiel et de s\u00e9curit\u00e9<\/strong><\/span> que les mod\u00e8les pr\u00e9c\u00e9dents. Les cartouches sont construites avec une forme h\u00e9lico\u00efdale pour une plus grande adh\u00e9rence aux parois du trou et pour une meilleure capacit\u00e9 de d\u00e9molition . A partir de 35 mm de diam\u00e8tre, les cartouches ont un m\u00e9canisme d\u2019auto-protection (interrupteur de s\u00e9curit\u00e9) contre le d\u00e9clenchement accidentel.<\/p>\t\t\t\t\t\t\t\t<\/div>\n\t\t\t\t<\/div>\n\t\t\t\t\t<\/div>\n\t\t<\/div>\n\t\t\t\t<div class=\"elementor-column elementor-col-50 elementor-inner-column elementor-element elementor-element-c8e00f5\" data-id=\"c8e00f5\" data-element_type=\"column\" data-e-type=\"column\">\n\t\t\t<div class=\"elementor-widget-wrap elementor-element-populated\">\n\t\t\t\t\t\t<div class=\"elementor-element elementor-element-ca470c9 elementor-widget elementor-widget-text-editor\" data-id=\"ca470c9\" data-element_type=\"widget\" data-e-type=\"widget\" data-widget_type=\"text-editor.default\">\n\t\t\t\t<div class=\"elementor-widget-container\">\n\t\t\t\t\t\t\t\t\t<p><strong>\u0643\u064a\u0641\u064a\u0629 \u0627\u0644\u0639\u0645\u0644:<\/strong><\/p><p>\u064a\u0639\u062a\u0645\u062f \u0646\u0638\u0627\u0645 \u0647\u062f\u0645 AUTOSTEM \u0639\u0644\u0649 \u0627\u0633\u062a\u062e\u062f\u0627\u0645 \u062e\u0631\u0637\u0648\u0634\u0629 \u062a\u0624\u062f\u064a \u0625\u0644\u0649 \u062a\u0641\u062a\u064a\u062a \u0627\u0644\u0635\u062e\u0648\u0631 \u0639\u0646 \u0637\u0631\u064a\u0642 \u062a\u0648\u0644\u064a\u062f \u0627\u0644\u063a\u0627\u0632. \u062a\u0642\u0648\u0645 \u0627\u0644\u062e\u0631\u0637\u0648\u0634\u0629 \u060c \u0627\u0644\u0645\u0648\u062c\u0648\u062f\u0629 \u0641\u064a \u062d\u0641\u0631\u0629 \u0627\u0644\u0628\u0626\u0631 \u0639\u0646\u062f \u0625\u0637\u0644\u0627\u0642\u0647\u0627 \u0628\u062a\u0648\u0644\u064a\u062f \u0643\u0645\u064a\u0627\u062a \u0643\u0628\u064a\u0631\u0629 \u0645\u0646 \u0627\u0644\u063a\u0627\u0632 \u0639\u0627\u0644\u064a \u0627\u0644\u0636\u063a\u0637 \u063a\u064a\u0631 \u0627\u0644\u0636\u0627\u0631 \u060c \u0648\u0627\u0644\u0630\u064a \u064a\u0645\u0627\u0631\u0633 \u0627\u0644\u0636\u063a\u0637 \u0639\u0644\u0649 \u0627\u0644\u0642\u0627\u0639 \u0648\u0627\u0644\u062c\u0627\u0646\u0628\u064a\u0646 \u060c \u0645\u0645\u0627 \u064a\u062a\u0633\u0628\u0628 \u0641\u064a \u062a\u0645\u0632\u0642 \u0645\u062d\u0643\u0645 \u0641\u064a \u0627\u0644\u0635\u062e\u0648\u0631 \u0623\u0648 \u0627\u0644\u0647\u064a\u0643\u0644 \u0627\u0644\u062e\u0631\u0633\u0627\u0646\u064a \u0627\u0644\u0645\u0633\u0644\u062d .\u00a0<\/p><p>\u0625\u0646 \u0627\u0644\u062e\u0635\u0648\u0635\u064a\u0629 \u0627\u0644\u062a\u064a \u062a\u0645\u064a\u0632 \u062e\u0631\u0637\u0648\u0634\u0629 AUTOSTEM \u0639\u0646 \u063a\u064a\u0631\u0647\u0627 \u0645\u0646 \u0623\u0646\u0638\u0645\u0629 \u0627\u0644\u0647\u062f\u0645 \u0627\u0644\u0645\u0645\u0627\u062b\u0644\u0629 \u0647\u064a \"\u0627\u0644\u062a\u0634\u0648\u064a\u0634 \u0627\u0644\u0630\u0627\u062a\u064a\" \u060c \u0623\u064a \u0627\u0644\u063a\u0627\u0632\u0627\u062a \u063a\u064a\u0631 \u0627\u0644\u0636\u0627\u0631\u0629 \u0627\u0644\u062a\u064a \u062a\u0646\u0628\u0639\u062b \u0645\u0646 \u0641\u062a\u064a\u0644\u0629 \u0627\u0644\u062e\u0631\u0637\u0648\u0634\u0629 \u060c \u0648\u0643\u0630\u0644\u0643 \u0627\u0644\u062a\u0641\u062a\u062a \u0627\u0644\u0645\u0648\u0635\u0648\u0641 \u0633\u0627\u0628\u0642\u064b\u0627 \u060c \u0622\u0644\u064a\u0629 \u0627\u0644\u062d\u0634\u0648 \u0627\u0644\u062a\u0644\u0642\u0627\u0626\u064a. \u0639\u0646\u062f\u0645\u0627 \u064a\u062a\u0645 \u062a\u0634\u063a\u064a\u0644 \u062e\u0631\u0637\u0648\u0634\u0629 AUTOSTEM \u0641\u064a \u0633\u064a\u0627\u0642 \u063a\u064a\u0631 \u0645\u062d\u062f\u0648\u062f \u060c \u0641\u0625\u0646\u0647\u0627 \u063a\u064a\u0631 \u0636\u0627\u0631\u0629 \u0644\u0623\u0646 \u0627\u0644\u0636\u063a\u0637 \u0627\u0644\u0630\u064a \u062a\u0645\u0627\u0631\u0633\u0647 \u0644\u0627 \u064a\u0643\u0641\u064a \u0644\u062a\u0646\u0634\u064a\u0637 \u062a\u0641\u0627\u0639\u0644 \u0627\u0644\u0627\u062d\u062a\u0631\u0627\u0642 \u0644\u0644\u0645\u0631\u0643\u0628 \u0627\u0644\u0645\u0648\u062c\u0648\u062f \u0641\u064a\u0647.\u00a0<\/p><p>\u0647\u0646\u0627\u0643 \u0639\u0627\u0645\u0644 \u0622\u062e\u0631 \u064a\u062c\u0639\u0644 AUTOSTEM \u0622\u0645\u0646\u064b\u0627 \u0648\u0647\u0648 \u0627\u0644\u0633\u0631\u0639\u0629 \u0627\u0644\u0645\u0646\u062e\u0641\u0636\u0629 \u0644\u062a\u0641\u0627\u0639\u0644 \u0627\u0644\u0645\u0633\u062d\u0648\u0642 \u0646\u0638\u0631\u064b\u0627 \u0644\u0623\u0646\u0647 \u064a\u062a\u062c\u0646\u0628 \u0627\u0644\u0625\u0633\u0642\u0627\u0637 \u0627\u0644\u0645\u0641\u0631\u0637 \u0644\u0644\u0645\u0648\u0627\u062f \u060c \u0645\u0645\u0627 \u064a\u0642\u0644\u0644 \u0645\u0646 \u0627\u0644\u0623\u0636\u0631\u0627\u0631 \u0627\u0644\u062a\u064a \u062a\u0644\u062d\u0642 \u0628\u0627\u0644\u0647\u064a\u0627\u0643\u0644 \u0627\u0644\u0645\u062d\u064a\u0637\u0629.<\/p><p><strong>\u0637\u0631\u064a\u0642\u0629 \u0627\u0644\u0627\u0633\u062a\u062e\u062f\u0627\u0645<\/strong><\/p><p>\u00a0\u064a\u0643\u0648\u0646 \u0627\u0633\u062a\u062e\u062f\u0627\u0645 \u0646\u0638\u0627\u0645 AUTOSTEM \u0641\u0648\u0631\u064a\u064b\u0627 \u060c \u062f\u0648\u0646 \u0627\u0644\u062d\u0627\u062c\u0629 \u0625\u0644\u0649 \u0648\u064e\u0636\u0652\u0639 \u0627\u0644\u0623\u064e\u062e\u0652\u062a\u0627\u0645\u0650 \u060c \u0644\u0623 \u0646\u0647 \u064a\u062a\u0645 \u0625\u062f\u062e\u0627\u0644 \u0627\u0644\u062e\u0631\u0637\u0648\u0634\u0629 \u0645\u0628\u0627\u0634\u0631\u0629\u064b \u0641\u064a \u062d\u0641\u0631\u0629 \u0627\u0644\u0628\u0626\u0631 \u0628\u0648\u0627\u0633\u0637\u0629 \u0627\u0644\u0645\u0634\u063a\u0644 \u060c \u062b\u0645  \u0628\u062a\u0648\u0635\u064a\u0644 \u0627\u0644\u0623\u0633\u0644\u0627\u0643 \u0628\u062e\u0637 \u0625\u0637\u0644\u0627\u0642 \u0627\u0644\u0646\u0627\u0631.\u00a0<\/p><p>\u0628\u0639\u062f \u0627\u0644\u062a\u062d\u0642\u0642 \u0645\u0646 \u0627\u0633\u062a\u0645\u0631\u0627\u0631\u064a\u0629 \u062e\u0637 \u0627\u0644\u0625\u0645\u062f\u0627\u062f \u0628\u0627\u0633\u062a\u062e\u062f\u0627\u0645 \u0645\u0642\u064a\u0627\u0633 \u0627\u0644\u062a\u064a\u0627\u0631 \u0627\u0644\u0645\u062a\u0631\u062f\u062f (\u0627\u0633\u062a\u062e\u062f\u0645 \u0641\u0642\u0637 \u0645\u0642\u064a\u0627\u0633 \u0627\u0644\u0645\u062a\u0641\u062c\u0631\u0627\u062a \u0627\u0644\u0645\u0639\u062a\u0645\u062f) \u060c \u064a\u062a\u0645 \u062a\u0646\u0634\u064a\u0637 \u0627\u0644\u062e\u0631\u0627\u0637\u064a\u0634 \u0628\u0648\u0627\u0633\u0637\u0629 \u062c\u0647\u0627\u0632 \u0627\u0644\u062a\u0641\u062c\u064a\u0631 (\u0645\u0639\u062a\u0645\u062f). \u062d\u062a\u0649 \u0644\u0648 \u0643\u0627\u0646\u062a \u062a\u0648\u0642\u0639\u0627\u062a \u0627\u0644\u0634\u0638\u0627\u064a\u0627 \u0641\u064a \u062d\u062f\u0647\u0627 \u0627\u0644\u0623\u062f\u0646\u0649 \u060c \u0641\u0645\u0646 \u0627\u0644\u0645\u0633\u062a\u062d\u0633\u0646 \u0627\u0644\u062d\u0641\u0627\u0638 \u0639\u0644\u0649 \u0645\u0646\u0637\u0642\u0629 \u062e\u0644\u0648\u0635 \u0644\u0645\u0632\u064a\u062f \u0645\u0646 \u0627\u0644\u0623\u0645\u0627\u0646.<\/p><p><span style=\"text-decoration: underline;\">\u062e\u0631\u0627\u0637\u064a\u0634 AUTOSTEM 3 \u0645\u0642\u0627\u0648\u0645\u0629 \u0644\u0644\u0645\u0627\u0621 \u0648\u064a\u0645\u0643\u0646 \u0627\u0633\u062a\u062e\u062f\u0627\u0645\u0647\u0627 \u062a\u062d\u062a \u0627\u0644\u0645\u0627\u0621.<\/span><\/p>\t\t\t\t\t\t\t\t<\/div>\n\t\t\t\t<\/div>\n\t\t\t\t\t<\/div>\n\t\t<\/div>\n\t\t\t\t\t<\/div>\n\t\t<\/section>\n\t\t\t\t<section class=\"elementor-section elementor-inner-section elementor-element elementor-element-2e5cb99 elementor-section-boxed elementor-section-height-default elementor-section-height-default\" data-id=\"2e5cb99\" data-element_type=\"section\" data-e-type=\"section\">\n\t\t\t\t\t\t<div class=\"elementor-container elementor-column-gap-default\">\n\t\t\t\t\t<div class=\"elementor-column elementor-col-50 elementor-inner-column elementor-element elementor-element-9b112d6\" data-id=\"9b112d6\" data-element_type=\"column\" data-e-type=\"column\">\n\t\t\t<div class=\"elementor-widget-wrap elementor-element-populated\">\n\t\t\t\t\t\t<div class=\"elementor-element elementor-element-aedc425 elementor-widget elementor-widget-image\" data-id=\"aedc425\" data-element_type=\"widget\" data-e-type=\"widget\" data-widget_type=\"image.default\">\n\t\t\t\t<div class=\"elementor-widget-container\">\n\t\t\t\t\t\t\t\t\t\t\t\t\t\t\t<img decoding=\"async\" width=\"800\" height=\"573\" src=\"https:\/\/non-explo-world.ch\/wp-content\/uploads\/2019\/04\/Autostem-3.1.jpg\" class=\"attachment-full size-full wp-image-29445\" alt=\"\" srcset=\"https:\/\/non-explo-world.ch\/wp-content\/uploads\/2019\/04\/Autostem-3.1.jpg 800w, https:\/\/non-explo-world.ch\/wp-content\/uploads\/2019\/04\/Autostem-3.1-300x215.jpg 300w, https:\/\/non-explo-world.ch\/wp-content\/uploads\/2019\/04\/Autostem-3.1-768x550.jpg 768w\" sizes=\"(max-width: 800px) 100vw, 800px\" \/>\t\t\t\t\t\t\t\t\t\t\t\t\t\t\t<\/div>\n\t\t\t\t<\/div>\n\t\t\t\t\t<\/div>\n\t\t<\/div>\n\t\t\t\t<div class=\"elementor-column elementor-col-50 elementor-inner-column elementor-element elementor-element-0e7a0a3\" data-id=\"0e7a0a3\" data-element_type=\"column\" data-e-type=\"column\">\n\t\t\t<div class=\"elementor-widget-wrap elementor-element-populated\">\n\t\t\t\t\t\t<div class=\"elementor-element elementor-element-d375325 elementor-widget elementor-widget-text-editor\" data-id=\"d375325\" data-element_type=\"widget\" data-e-type=\"widget\" data-widget_type=\"text-editor.default\">\n\t\t\t\t<div class=\"elementor-widget-container\">\n\t\t\t\t\t\t\t\t\t<p><strong>\u0627\u0644\u0645\u0646\u062a\u062c\u0627\u062a \u0627\u0644\u0645\u062a\u0627\u062d\u0629 (\u0627\u0644\u0642\u0637\u0631 \u0648\u0627\u0644\u0648\u0632\u0646):<\/strong><\/p><p><span style=\"text-decoration: underline;\">-  Autostem TM GEN III  Splinter \u0642\u0637\u0631\u0647\u0627 3 \u060c 6 \u060c 9 \u062c\u0645 \u0642\u0637\u0631\u0647\u0627 9 \u0645\u0645 (\u0645\u0646\u0627\u0633\u0628\u0629 \u0644\u0644\u0643\u0633\u0648\u0631 \u0627\u0644\u0635\u063a\u064a\u0631\u0629 \u0645\u0639 \u062d\u0641\u0631 \u062d\u0641\u0631\u0629 12 \u0645\u0645)<\/span>\u00a0<span style=\"font-size: 1rem;\">3, 6, 9 gr en diam\u00e8tre 9mm <\/span><span style=\"font-size: 1rem;\">(appropri\u00e9 pour les micro-d\u00e9molitions forage 12 mm)<\/span><\/p><p><span style=\"text-decoration: underline;\">20 \u060c 30 \u060c 40 \u062c\u0645 \u060c  \u0642\u0637\u0631\u0647\u0627 17 \u0645\u0645 (\u0645\u0646\u0627\u0633\u0628\u0629 \u0644\u0644\u0643\u0633\u0648\u0631 \u0627\u0644\u0635\u063a\u064a\u0631\u0629 \u0630\u0627\u062a \u0641\u062a\u062d\u0629 20 \u0645\u0645)\nAutostem TM GEN III Fragmentor<\/span> 20, 30, 40 gr en diam\u00e8tre 17mm (appropri\u00e9 pour les petites d\u00e9molitions forage de 20mm)<\/p><p><span style=\"text-decoration: underline;\">Autostem TM GEN III 35mm:<\/span> 80 \u060c 300 \u063a\u0631\u0627\u0645 \u0642\u0637\u0631\u0647\u0627 35 \u0645\u0645 (\u0645\u0646\u0627\u0633\u0628\u0629 \u0644\u0644\u062d\u0641\u0631 \u0645\u0639 \u0639\u0637\u0644 \u0645\u062a\u0648\u0633\u0637\u0629 \u0645\u0639 \u062b\u0642\u0628 \u0627\u0644\u062d\u0641\u0631 \u064a\u0635\u0644 \u0625\u0644\u0649 38 \u0645\u0645)<\/p><p><span style=\"text-decoration: underline;\">Autostem TM GEN III 43mm:<\/span> 550 \u062c\u0645 \u0628\u0642\u0637\u0631 43 \u0645\u0644\u0645 (\u0645\u0646\u0627\u0633\u0628 \u0644\u0644\u0647\u062f\u0645 \u0627\u0644\u0645\u062a\u0648\u0633\u0637 \u0645\u0639 \u062d\u0641\u0631 \u062d\u062a\u0649 45 \u0645\u0645)<\/p><p><span style=\"text-decoration: underline;\">Autostem TM GEN III 87mm:<\/span> 1700 \u062c\u0645 \u0628\u0642\u0637\u0631 87 \u0645\u0645 (\u0645\u0646\u0627\u0633\u0628 \u0644\u0644\u0643\u0633\u0648\u0631 \u0627\u0644\u0643\u0628\u064a\u0631\u0629 \u0648\u0627\u0633\u062a\u062e\u062f\u0627\u0645\u0647 \u0641\u064a \u0627\u0644\u0645\u062d\u0627\u062c\u0631 \u0645\u0639 \u062b\u0642\u0628 \u0627\u0644\u062d\u0641\u0631 \u062d\u062a\u0649 90 \u0645\u0645)<\/p>\t\t\t\t\t\t\t\t<\/div>\n\t\t\t\t<\/div>\n\t\t\t\t\t<\/div>\n\t\t<\/div>\n\t\t\t\t\t<\/div>\n\t\t<\/section>\n\t\t\t\t<div class=\"elementor-element elementor-element-65c355b elementor-align-center elementor-widget elementor-widget-button\" data-id=\"65c355b\" data-element_type=\"widget\" data-e-type=\"widget\" data-widget_type=\"button.default\">\n\t\t\t\t<div class=\"elementor-widget-container\">\n\t\t\t\t\t\t\t\t\t<div class=\"elementor-button-wrapper\">\n\t\t\t\t\t<a class=\"elementor-button elementor-button-link elementor-size-sm\" href=\"#\">\n\t\t\t\t\t\t<span class=\"elementor-button-content-wrapper\">\n\t\t\t\t\t\t\t\t\t<span class=\"elementor-button-text\">\u0639\u0631\u0636 \u0627\u0644\u0635\u0648\u0631<\/span>\n\t\t\t\t\t<\/span>\n\t\t\t\t\t<\/a>\n\t\t\t\t<\/div>\n\t\t\t\t\t\t\t\t<\/div>\n\t\t\t\t<\/div>\n\t\t\t\t<div class=\"elementor-element elementor-element-2d1fb0d elementor-widget elementor-widget-image\" data-id=\"2d1fb0d\" data-element_type=\"widget\" data-e-type=\"widget\" data-widget_type=\"image.default\">\n\t\t\t\t<div class=\"elementor-widget-container\">\n\t\t\t\t\t\t\t\t\t\t\t\t\t\t\t<img decoding=\"async\" width=\"1749\" height=\"1241\" src=\"https:\/\/non-explo-world.ch\/wp-content\/uploads\/2019\/09\/NEW-Globe.jpg\" class=\"attachment-full size-full wp-image-29558\" alt=\"\" srcset=\"https:\/\/non-explo-world.ch\/wp-content\/uploads\/2019\/09\/NEW-Globe.jpg 1749w, https:\/\/non-explo-world.ch\/wp-content\/uploads\/2019\/09\/NEW-Globe-300x213.jpg 300w, https:\/\/non-explo-world.ch\/wp-content\/uploads\/2019\/09\/NEW-Globe-768x545.jpg 768w, https:\/\/non-explo-world.ch\/wp-content\/uploads\/2019\/09\/NEW-Globe-1024x727.jpg 1024w\" sizes=\"(max-width: 1749px) 100vw, 1749px\" \/>\t\t\t\t\t\t\t\t\t\t\t\t\t\t\t<\/div>\n\t\t\t\t<\/div>\n\t\t\t\t\t<\/div>\n\t\t<\/div>\n\t\t\t\t\t<\/div>\n\t\t<\/section>\n\t\t\t\t<\/div>","protected":false},"excerpt":{"rendered":"<p>notre produit AUTOSTEM 3 Mettez de la puissance \u00e0 votre travail Le syst\u00e8me brevet\u00e9 AUTOSTEM 3 est \u00e9quip\u00e9 d\u2019un syst\u00e8me autobourant double qui permet d\u2019avoir un plus grand potentiel et de s\u00e9curit\u00e9 que les mod\u00e8les pr\u00e9c\u00e9dents. Les cartouches sont construites avec une forme h\u00e9lico\u00efdale pour une plus grande adh\u00e9rence aux parois du trou et pour [&hellip;]<\/p>\n","protected":false},"author":1,"featured_media":0,"parent":0,"menu_order":0,"comment_status":"closed","ping_status":"closed","template":"elementor_header_footer","meta":{"footnotes":""},"class_list":["post-29228","page","type-page","status-publish","hentry"],"_links":{"self":[{"href":"https:\/\/non-explo-world.ch\/ar\/wp-json\/wp\/v2\/pages\/29228","targetHints":{"allow":["GET"]}}],"collection":[{"href":"https:\/\/non-explo-world.ch\/ar\/wp-json\/wp\/v2\/pages"}],"about":[{"href":"https:\/\/non-explo-world.ch\/ar\/wp-json\/wp\/v2\/types\/page"}],"author":[{"embeddable":true,"href":"https:\/\/non-explo-world.ch\/ar\/wp-json\/wp\/v2\/users\/1"}],"replies":[{"embeddable":true,"href":"https:\/\/non-explo-world.ch\/ar\/wp-json\/wp\/v2\/comments?post=29228"}],"version-history":[{"count":5,"href":"https:\/\/non-explo-world.ch\/ar\/wp-json\/wp\/v2\/pages\/29228\/revisions"}],"predecessor-version":[{"id":29610,"href":"https:\/\/non-explo-world.ch\/ar\/wp-json\/wp\/v2\/pages\/29228\/revisions\/29610"}],"wp:attachment":[{"href":"https:\/\/non-explo-world.ch\/ar\/wp-json\/wp\/v2\/media?parent=29228"}],"curies":[{"name":"wp","href":"https:\/\/api.w.org\/{rel}","templated":true}]}}