{"id":29224,"date":"2019-04-24T08:51:57","date_gmt":"2019-04-24T06:51:57","guid":{"rendered":"http:\/\/t77ufwfpi.preview.infomaniak.website\/?page_id=29224"},"modified":"2019-12-03T15:03:19","modified_gmt":"2019-12-03T14:03:19","slug":"a-propos","status":"publish","type":"page","link":"https:\/\/non-explo-world.ch\/ar\/a-propos\/","title":{"rendered":"\u0634\u0631\u0643\u062a\u0646\u0627"},"content":{"rendered":"<div data-elementor-type=\"wp-post\" data-elementor-id=\"29224\" class=\"elementor elementor-29224\" data-elementor-post-type=\"page\">\n\t\t\t\t\t\t<section class=\"elementor-section elementor-top-section elementor-element elementor-element-4123ca05 elementor-section-boxed elementor-section-height-default elementor-section-height-default\" data-id=\"4123ca05\" data-element_type=\"section\" data-e-type=\"section\">\n\t\t\t\t\t\t<div class=\"elementor-container elementor-column-gap-no\">\n\t\t\t\t\t<div class=\"elementor-column elementor-col-50 elementor-top-column elementor-element elementor-element-15e3f99\" data-id=\"15e3f99\" data-element_type=\"column\" data-e-type=\"column\">\n\t\t\t<div class=\"elementor-widget-wrap elementor-element-populated\">\n\t\t\t\t\t\t<div class=\"elementor-element elementor-element-5118190c elementor-widget elementor-widget-image\" data-id=\"5118190c\" data-element_type=\"widget\" data-e-type=\"widget\" data-widget_type=\"image.default\">\n\t\t\t\t<div class=\"elementor-widget-container\">\n\t\t\t\t\t\t\t\t\t\t\t\t\t\t\t<img decoding=\"async\" src=\"https:\/\/non-explo-world.ch\/wp-content\/uploads\/elementor\/thumbs\/03-copie-o6ubreoaop17xbfbm0i1dqi2l4e05ownbyn3d19av4.jpg\" title=\"03 &#8211; copie\" alt=\"03 - copie\" loading=\"lazy\" \/>\t\t\t\t\t\t\t\t\t\t\t\t\t\t\t<\/div>\n\t\t\t\t<\/div>\n\t\t\t\t\t<\/div>\n\t\t<\/div>\n\t\t\t\t<div class=\"elementor-column elementor-col-50 elementor-top-column elementor-element elementor-element-15954ac4\" data-id=\"15954ac4\" data-element_type=\"column\" data-e-type=\"column\" data-settings=\"{&quot;background_background&quot;:&quot;classic&quot;}\">\n\t\t\t<div class=\"elementor-widget-wrap elementor-element-populated\">\n\t\t\t\t\t\t<div class=\"elementor-element elementor-element-2a3f3cd elementor-widget elementor-widget-heading\" data-id=\"2a3f3cd\" data-element_type=\"widget\" data-e-type=\"widget\" data-widget_type=\"heading.default\">\n\t\t\t\t<div class=\"elementor-widget-container\">\n\t\t\t\t\t<h3 class=\"elementor-heading-title elementor-size-large\">\u0634\u0631\u0643\u062a\u0646\u0627<\/h3>\t\t\t\t<\/div>\n\t\t\t\t<\/div>\n\t\t\t\t<section class=\"elementor-section elementor-inner-section elementor-element elementor-element-2966d68c elementor-reverse-mobile elementor-section-boxed elementor-section-height-default elementor-section-height-default\" data-id=\"2966d68c\" data-element_type=\"section\" data-e-type=\"section\">\n\t\t\t\t\t\t<div class=\"elementor-container elementor-column-gap-default\">\n\t\t\t\t\t<div class=\"elementor-column elementor-col-100 elementor-inner-column elementor-element elementor-element-669559c3\" data-id=\"669559c3\" data-element_type=\"column\" data-e-type=\"column\" data-settings=\"{&quot;background_background&quot;:&quot;classic&quot;}\">\n\t\t\t<div class=\"elementor-widget-wrap elementor-element-populated\">\n\t\t\t\t\t\t<div class=\"elementor-element elementor-element-c4b9dc5 elementor-widget elementor-widget-text-editor\" data-id=\"c4b9dc5\" data-element_type=\"widget\" data-e-type=\"widget\" data-widget_type=\"text-editor.default\">\n\t\t\t\t<div class=\"elementor-widget-container\">\n\t\t\t\t\t\t\t\t\t<p>\u062a\u0623\u0633\u0633\u062a Non-Explo World \u062e\u0644\u0627\u0644 \u0627\u0644\u062e\u0628\u0631\u0629 \u0627\u0644\u062a\u064a \u062a\u0645 \u062a\u0637\u0648\u064a\u0631\u0647\u0627 \u0639\u0644\u0649 \u0645\u062f\u0627\u0631 \u0639\u062f\u0629 \u0633\u0646\u0648\u0627\u062a \u0641\u064a \u0642\u0637\u0627\u0639 \u0627\u0644\u0647\u062f\u0645 \u0648\u062d\u0645\u0627\u064a\u0629 \u0627\u0644\u0628\u064a\u0626\u0629.\u00a0<\/p><p>\u0627\u0644\u0645\u0647\u0646\u062f\u0633\u064a\u0646 \u0648\u0627\u0644\u0641\u0646\u064a\u064a\u0646 \u0627\u0644\u0645\u0624\u0647\u0644\u064a\u0646 \u0630\u0627\u062a \u0627\u0644\u0642\u062f\u0631\u0629 \u0639\u0644\u0649 \u0625\u062f\u0627\u0631\u0629 \u0627\u0644\u0645\u0634\u0627\u0631\u064a\u0639 \u0641\u064a \u062c\u0645\u064a\u0639 \u0645\u0631\u0627\u062d\u0644\u0647\u0627 \u0647\u0645 \u062c\u0632\u0621 \u0645\u0646 Non-Explo World.<\/p><p>\u064a\u0633\u0627\u0647\u0645\u0627 \u0627\u062d\u062a\u0631\u0627\u0645 \u0627\u0644\u0647\u0646\u062f\u0633\u0629 \u0627\u0644\u0628\u064a\u0626\u064a\u0629 \u0648\u0627\u0644\u0627\u0633\u062a\u062e\u062f\u0627\u0645 \u0627\u0644\u0645\u0633\u0624\u0648\u0644 \u0644\u0644\u0645\u0648\u0627\u0631\u062f \u0627\u0644\u0637\u0628\u064a\u0639\u064a\u0629 \u0641\u064a \u0641\u0644\u0633\u0641\u0629 Non-Explo World<\/p><p>\u0628\u0635\u0641\u0629 \u0627\u0644\u0645\u0648\u0632\u0639 \u0627\u0644\u062d\u0635\u0631\u064a \u0644\u062e\u0631\u0627\u0637\u064a\u0634 Autostem \u060c \u062a\u0631\u063a\u0628 Non-Explo World \u0641\u064a \u0627\u0644\u062a\u0631\u0648\u064a\u062c \u0644\u0645\u0646\u062a\u062c \u0645\u0628\u062a\u0643\u0631 \u0645\u0639 \u0637\u0631\u064a\u0642\u0629 \u0622\u0645\u0646\u0629 \u0644\u0644\u0627\u0633\u062a\u062e\u062f\u0627\u0645. \u00a0<\/p><p>\u0646\u0642\u0648\u0645 \u0628\u062a\u0637\u0648\u064a\u0631 \u062e\u0631\u0627\u0637\u064a\u0634 Autostem \u0628\u0627\u0644\u062a\u0639\u0627\u0648\u0646 \u0645\u0639 \u0634\u0631\u0643\u0629 Non-Explo Italia (\u0648\u0647\u064a \u0634\u0631\u0643\u0629 \u0646\u0627\u0634\u0637\u0629 \u0641\u064a \u0625\u064a\u0637\u0627\u0644\u064a\u0627 \u062e\u0644\u0627\u0644 \u0633\u0646\u0648\u0627\u062a \u0639\u062f\u064a\u062f\u0629).\u00a0<\/p>\t\t\t\t\t\t\t\t<\/div>\n\t\t\t\t<\/div>\n\t\t\t\t<div class=\"elementor-element elementor-element-64b0134 elementor-mobile-align-center elementor-widget elementor-widget-button\" data-id=\"64b0134\" data-element_type=\"widget\" data-e-type=\"widget\" data-widget_type=\"button.default\">\n\t\t\t\t<div class=\"elementor-widget-container\">\n\t\t\t\t\t\t\t\t\t<div class=\"elementor-button-wrapper\">\n\t\t\t\t\t<a class=\"elementor-button elementor-button-link elementor-size-sm\" href=\"https:\/\/non-explo-world.ch\/ar\/contact\/\">\n\t\t\t\t\t\t<span class=\"elementor-button-content-wrapper\">\n\t\t\t\t\t\t\t\t\t<span class=\"elementor-button-text\">\u0627\u062a\u0635\u0644 \u0628\u0646\u0627<\/span>\n\t\t\t\t\t<\/span>\n\t\t\t\t\t<\/a>\n\t\t\t\t<\/div>\n\t\t\t\t\t\t\t\t<\/div>\n\t\t\t\t<\/div>\n\t\t\t\t\t<\/div>\n\t\t<\/div>\n\t\t\t\t\t<\/div>\n\t\t<\/section>\n\t\t\t\t\t<\/div>\n\t\t<\/div>\n\t\t\t\t\t<\/div>\n\t\t<\/section>\n\t\t\t\t<\/div>","protected":false},"excerpt":{"rendered":"<p>Notre soci\u00e9t\u00e9 La soci\u00e9t\u00e9&nbsp;Non-Explo World S\u00e0rl est n\u00e9e de l\u2019exp\u00e9rience d\u00e9velopp\u00e9e depuis plusieurs ann\u00e9es dans le secteur de la d\u00e9molition et de la sauvegarde de l\u2019environnement.&nbsp; Des ing\u00e9nieurs et techniciens qualifi\u00e9s sont \u00e0 la base de la soci\u00e9t\u00e9 Non-Explo World S\u00e0rl&nbsp;avec la capacit\u00e9 de g\u00e9rer des chantiers dans toutes leurs \u00e9tapes. La soci\u00e9t\u00e9 Non-Explo World [&hellip;]<\/p>\n","protected":false},"author":1,"featured_media":0,"parent":0,"menu_order":0,"comment_status":"closed","ping_status":"closed","template":"elementor_header_footer","meta":{"footnotes":""},"class_list":["post-29224","page","type-page","status-publish","hentry"],"_links":{"self":[{"href":"https:\/\/non-explo-world.ch\/ar\/wp-json\/wp\/v2\/pages\/29224","targetHints":{"allow":["GET"]}}],"collection":[{"href":"https:\/\/non-explo-world.ch\/ar\/wp-json\/wp\/v2\/pages"}],"about":[{"href":"https:\/\/non-explo-world.ch\/ar\/wp-json\/wp\/v2\/types\/page"}],"author":[{"embeddable":true,"href":"https:\/\/non-explo-world.ch\/ar\/wp-json\/wp\/v2\/users\/1"}],"replies":[{"embeddable":true,"href":"https:\/\/non-explo-world.ch\/ar\/wp-json\/wp\/v2\/comments?post=29224"}],"version-history":[{"count":5,"href":"https:\/\/non-explo-world.ch\/ar\/wp-json\/wp\/v2\/pages\/29224\/revisions"}],"predecessor-version":[{"id":29592,"href":"https:\/\/non-explo-world.ch\/ar\/wp-json\/wp\/v2\/pages\/29224\/revisions\/29592"}],"wp:attachment":[{"href":"https:\/\/non-explo-world.ch\/ar\/wp-json\/wp\/v2\/media?parent=29224"}],"curies":[{"name":"wp","href":"https:\/\/api.w.org\/{rel}","templated":true}]}}